{"id":8830,"date":"2025-02-06T06:32:08","date_gmt":"2025-02-06T06:32:08","guid":{"rendered":"https:\/\/vnu350.vnuhcm.edu.vn\/?page_id=8830"},"modified":"2025-02-28T09:26:04","modified_gmt":"2025-02-28T09:26:04","slug":"gioi-thieu-chung-ve-dhqg-hcm-va-chuong-trinh-thu-hut-nha-khoa-hoc","status":"publish","type":"page","link":"https:\/\/vnu350.vnuhcm.edu.vn\/en\/gioi-thieu-chung-ve-dhqg-hcm-va-chuong-trinh-thu-hut-nha-khoa-hoc\/","title":{"rendered":"Gi\u1edbi thi\u1ec7u chung v\u1ec1 \u0110HQG-HCM v\u00e0 ch\u01b0\u01a1ng tr\u00ecnh thu h\u00fat nh\u00e0 khoa h\u1ecdc"},"content":{"rendered":"<div data-elementor-type=\"wp-page\" data-elementor-id=\"8830\" class=\"elementor elementor-8830\" data-elementor-post-type=\"page\">\n\t\t\t\t\t\t<section class=\"elementor-section elementor-top-section elementor-element elementor-element-11d50caf elementor-section-stretched elementor-section-content-middle elementor-section-boxed elementor-section-height-default elementor-section-height-default\" data-id=\"11d50caf\" data-element_type=\"section\" data-settings=\"{&quot;stretch_section&quot;:&quot;section-stretched&quot;,&quot;background_background&quot;:&quot;gradient&quot;}\">\n\t\t\t\t\t\t<div class=\"elementor-container elementor-column-gap-extended\">\n\t\t\t\t\t<div class=\"elementor-column elementor-col-100 elementor-top-column elementor-element elementor-element-64f2acc5\" data-id=\"64f2acc5\" data-element_type=\"column\">\n\t\t\t<div class=\"elementor-widget-wrap elementor-element-populated\">\n\t\t\t\t\t\t<div class=\"elementor-element elementor-element-67b6fb1d elementor-widget elementor-widget-heading\" data-id=\"67b6fb1d\" data-element_type=\"widget\" data-widget_type=\"heading.default\">\n\t\t\t\t<div class=\"elementor-widget-container\">\n\t\t\t<style>\/*! elementor - v3.21.0 - 08-05-2024 *\/\n.elementor-heading-title{padding:0;margin:0;line-height:1}.elementor-widget-heading .elementor-heading-title[class*=elementor-size-]>a{color:inherit;font-size:inherit;line-height:inherit}.elementor-widget-heading .elementor-heading-title.elementor-size-small{font-size:15px}.elementor-widget-heading .elementor-heading-title.elementor-size-medium{font-size:19px}.elementor-widget-heading .elementor-heading-title.elementor-size-large{font-size:29px}.elementor-widget-heading .elementor-heading-title.elementor-size-xl{font-size:39px}.elementor-widget-heading .elementor-heading-title.elementor-size-xxl{font-size:59px}<\/style><h2 class=\"elementor-heading-title elementor-size-default\">OVERVIEW<\/h2>\t\t<\/div>\n\t\t\t\t<\/div>\n\t\t\t\t<div class=\"elementor-element elementor-element-76291dc3 elementor-widget__width-initial elementor-widget elementor-widget-text-editor\" data-id=\"76291dc3\" data-element_type=\"widget\" data-widget_type=\"text-editor.default\">\n\t\t\t\t<div class=\"elementor-widget-container\">\n\t\t\t<style>\/*! elementor - v3.21.0 - 08-05-2024 *\/\n.elementor-widget-text-editor.elementor-drop-cap-view-stacked .elementor-drop-cap{background-color:#69727d;color:#fff}.elementor-widget-text-editor.elementor-drop-cap-view-framed .elementor-drop-cap{color:#69727d;border:3px solid;background-color:transparent}.elementor-widget-text-editor:not(.elementor-drop-cap-view-default) .elementor-drop-cap{margin-top:8px}.elementor-widget-text-editor:not(.elementor-drop-cap-view-default) .elementor-drop-cap-letter{width:1em;height:1em}.elementor-widget-text-editor .elementor-drop-cap{float:left;text-align:center;line-height:1;font-size:50px}.elementor-widget-text-editor .elementor-drop-cap-letter{display:inline-block}<\/style>\t\t\t\t<p>Located in the eastern part of Ho Chi Minh City (HCMC) \u2013 Vietnam's most developed urban area, VNUHCM was established by the Vietnamese government in 1995 with the mission of being the leading and core institution of the Vietnamese higher education system.<\/p><p><img fetchpriority=\"high\" decoding=\"async\" class=\"aligncenter wp-image-9101\" src=\"https:\/\/vnu350.vnuhcm.edu.vn\/wp-content\/uploads\/2025\/02\/a4.jpg\" alt=\"\" width=\"1000\" height=\"1278\" srcset=\"https:\/\/vnu350.vnuhcm.edu.vn\/wp-content\/uploads\/2025\/02\/a4.jpg 1380w, https:\/\/vnu350.vnuhcm.edu.vn\/wp-content\/uploads\/2025\/02\/a4-235x300.jpg 235w, https:\/\/vnu350.vnuhcm.edu.vn\/wp-content\/uploads\/2025\/02\/a4-801x1024.jpg 801w, https:\/\/vnu350.vnuhcm.edu.vn\/wp-content\/uploads\/2025\/02\/a4-768x982.jpg 768w, https:\/\/vnu350.vnuhcm.edu.vn\/wp-content\/uploads\/2025\/02\/a4-1202x1536.jpg 1202w, https:\/\/vnu350.vnuhcm.edu.vn\/wp-content\/uploads\/2025\/02\/a4-9x12.jpg 9w\" sizes=\"(max-width: 1000px) 100vw, 1000px\" \/><\/p><p>VNUHCM is the largest university system in Vietnam, comprising<strong> 09<\/strong> member universities and research institutes (University of Technology, University of Science, University of Social Sciences and Humanities, International University, University of Information Technology, University of Economics and Law, 1  An Giang University, University 2  of Science and Health, Institute of Environment and Resources), with approximately <strong>6.400<\/strong> staff, employees, and workers (including about 1,600 PhDs, <strong>360<\/strong> professors and associate professors) and nearly 100,000 full-time undergraduate students, <strong>9.000<\/strong> graduate students and doctoral candidates.<\/p><p><img decoding=\"async\" class=\"aligncenter wp-image-9100 size-full\" src=\"https:\/\/vnu350.vnuhcm.edu.vn\/wp-content\/uploads\/2025\/02\/a5.png\" alt=\"\" width=\"1068\" height=\"1550\" srcset=\"https:\/\/vnu350.vnuhcm.edu.vn\/wp-content\/uploads\/2025\/02\/a5.png 1068w, https:\/\/vnu350.vnuhcm.edu.vn\/wp-content\/uploads\/2025\/02\/a5-207x300.png 207w, https:\/\/vnu350.vnuhcm.edu.vn\/wp-content\/uploads\/2025\/02\/a5-706x1024.png 706w, https:\/\/vnu350.vnuhcm.edu.vn\/wp-content\/uploads\/2025\/02\/a5-768x1115.png 768w, https:\/\/vnu350.vnuhcm.edu.vn\/wp-content\/uploads\/2025\/02\/a5-1058x1536.png 1058w, https:\/\/vnu350.vnuhcm.edu.vn\/wp-content\/uploads\/2025\/02\/a5-8x12.png 8w\" sizes=\"(max-width: 1068px) 100vw, 1068px\" \/><\/p><p>VNUHCM currently leads the country in the number of international publications (more than <strong>2.500<\/strong> articles per year); in the number of internationally accredited programs (<strong>151<\/strong> programs); is among the top <strong>200<\/strong> leading universities in Asia and has<strong> 08<\/strong> training disciplines ranked in the top<strong> 500<\/strong> worldwide.<\/p><p><img decoding=\"async\" class=\"aligncenter wp-image-9001 size-full\" src=\"https:\/\/vnu350.vnuhcm.edu.vn\/wp-content\/uploads\/2025\/02\/a3.jpg\" alt=\"\" width=\"600\" height=\"265\" srcset=\"https:\/\/vnu350.vnuhcm.edu.vn\/wp-content\/uploads\/2025\/02\/a3.jpg 600w, https:\/\/vnu350.vnuhcm.edu.vn\/wp-content\/uploads\/2025\/02\/a3-300x133.jpg 300w, https:\/\/vnu350.vnuhcm.edu.vn\/wp-content\/uploads\/2025\/02\/a3-18x8.jpg 18w\" sizes=\"(max-width: 600px) 100vw, 600px\" \/><\/p><p>Each year, VNUHCM provides nearly <strong>20.000<\/strong> bachelors, engineers, doctors, pharmacists, masters, and doctoral graduates in almost all fields to Ho Chi Minh City, the provinces of the Southeast, Southwest, Central Highlands, and South Central Coast regions.<\/p>\t\t\t\t\t\t<\/div>\n\t\t\t\t<\/div>\n\t\t\t\t\t<\/div>\n\t\t<\/div>\n\t\t\t\t\t<\/div>\n\t\t<\/section>\n\t\t\t\t<\/div>","protected":false},"excerpt":{"rendered":"<p>GI\u1edaI THI\u1ec6U CHUNG N\u1eb1m \u1edf khu v\u1ef1c ph\u00eda \u0110\u00f4ng Th\u00e0nh ph\u1ed1 H\u1ed3 Ch\u00ed Minh (TP.HCM) &#8211; \u0111\u00f4 th\u1ecb ph\u00e1t tri\u1ec3n b\u1eadc nh\u1ea5t Vi\u1ec7t Nam, \u0110HQG-HCM \u0111\u01b0\u1ee3c Ch\u00ednh ph\u1ee7 Vi\u1ec7t Nam th\u00e0nh l\u1eadp v\u00e0o n\u0103m 1995 v\u1edbi s\u1ee9 m\u1ec7nh l\u00e0m \u0111\u1ea7u t\u00e0u v\u00e0 n\u00f2ng c\u1ed1t cho h\u1ec7 th\u1ed1ng gi\u00e1o d\u1ee5c \u0111\u1ea1i h\u1ecdc Vi\u1ec7t Nam. \u0110HQG-HCM c\u00f3 [&hellip;]<\/p>","protected":false},"author":1,"featured_media":8034,"parent":0,"menu_order":0,"comment_status":"closed","ping_status":"closed","template":"elementor_header_footer","meta":{"footnotes":""},"class_list":["post-8830","page","type-page","status-publish","has-post-thumbnail","hentry"],"_links":{"self":[{"href":"https:\/\/vnu350.vnuhcm.edu.vn\/en\/wp-json\/wp\/v2\/pages\/8830","targetHints":{"allow":["GET"]}}],"collection":[{"href":"https:\/\/vnu350.vnuhcm.edu.vn\/en\/wp-json\/wp\/v2\/pages"}],"about":[{"href":"https:\/\/vnu350.vnuhcm.edu.vn\/en\/wp-json\/wp\/v2\/types\/page"}],"author":[{"embeddable":true,"href":"https:\/\/vnu350.vnuhcm.edu.vn\/en\/wp-json\/wp\/v2\/users\/1"}],"replies":[{"embeddable":true,"href":"https:\/\/vnu350.vnuhcm.edu.vn\/en\/wp-json\/wp\/v2\/comments?post=8830"}],"version-history":[{"count":16,"href":"https:\/\/vnu350.vnuhcm.edu.vn\/en\/wp-json\/wp\/v2\/pages\/8830\/revisions"}],"predecessor-version":[{"id":9260,"href":"https:\/\/vnu350.vnuhcm.edu.vn\/en\/wp-json\/wp\/v2\/pages\/8830\/revisions\/9260"}],"wp:featuredmedia":[{"embeddable":true,"href":"https:\/\/vnu350.vnuhcm.edu.vn\/en\/wp-json\/wp\/v2\/media\/8034"}],"wp:attachment":[{"href":"https:\/\/vnu350.vnuhcm.edu.vn\/en\/wp-json\/wp\/v2\/media?parent=8830"}],"curies":[{"name":"wp","href":"https:\/\/api.w.org\/{rel}","templated":true}]}}