{"id":8835,"date":"2025-02-06T06:38:56","date_gmt":"2025-02-06T06:38:56","guid":{"rendered":"https:\/\/vnu350.vnuhcm.edu.vn\/?page_id=8835"},"modified":"2026-04-16T08:43:46","modified_gmt":"2026-04-16T08:43:46","slug":"chinh-sach-dai-ngo","status":"publish","type":"page","link":"https:\/\/vnu350.vnuhcm.edu.vn\/en\/chinh-sach-dai-ngo\/","title":{"rendered":"Remuneration policy"},"content":{"rendered":"<div data-elementor-type=\"wp-page\" data-elementor-id=\"8835\" class=\"elementor elementor-8835\" data-elementor-post-type=\"page\">\n\t\t\t\t\t\t<section class=\"elementor-section elementor-top-section elementor-element elementor-element-236d2758 elementor-section-stretched elementor-section-boxed elementor-section-height-default elementor-section-height-default\" data-id=\"236d2758\" data-element_type=\"section\" data-settings=\"{&quot;stretch_section&quot;:&quot;section-stretched&quot;,&quot;background_background&quot;:&quot;classic&quot;}\">\n\t\t\t\t\t\t\t<div class=\"elementor-background-overlay\"><\/div>\n\t\t\t\t\t\t\t<div class=\"elementor-container elementor-column-gap-extended\">\n\t\t\t\t\t<div class=\"elementor-column elementor-col-100 elementor-top-column elementor-element elementor-element-68397fb3\" data-id=\"68397fb3\" data-element_type=\"column\">\n\t\t\t<div class=\"elementor-widget-wrap elementor-element-populated\">\n\t\t\t\t\t\t<div class=\"elementor-element elementor-element-13151e05 elementor-widget elementor-widget-heading\" data-id=\"13151e05\" data-element_type=\"widget\" data-settings=\"{&quot;motion_fx_motion_fx_scrolling&quot;:&quot;yes&quot;,&quot;motion_fx_devices&quot;:[&quot;desktop&quot;,&quot;tablet&quot;,&quot;mobile&quot;]}\" data-widget_type=\"heading.default\">\n\t\t\t\t<div class=\"elementor-widget-container\">\n\t\t\t<style>\/*! elementor - v3.21.0 - 08-05-2024 *\/\n.elementor-heading-title{padding:0;margin:0;line-height:1}.elementor-widget-heading .elementor-heading-title[class*=elementor-size-]>a{color:inherit;font-size:inherit;line-height:inherit}.elementor-widget-heading .elementor-heading-title.elementor-size-small{font-size:15px}.elementor-widget-heading .elementor-heading-title.elementor-size-medium{font-size:19px}.elementor-widget-heading .elementor-heading-title.elementor-size-large{font-size:29px}.elementor-widget-heading .elementor-heading-title.elementor-size-xl{font-size:39px}.elementor-widget-heading .elementor-heading-title.elementor-size-xxl{font-size:59px}<\/style><h2 class=\"elementor-heading-title elementor-size-default\">REMUNERATION POLICY<\/h2>\t\t<\/div>\n\t\t\t\t<\/div>\n\t\t\t\t<div class=\"elementor-element elementor-element-56aec2c8 elementor-widget elementor-widget-text-editor\" data-id=\"56aec2c8\" data-element_type=\"widget\" data-widget_type=\"text-editor.default\">\n\t\t\t\t<div class=\"elementor-widget-container\">\n\t\t\t<style>\/*! elementor - v3.21.0 - 08-05-2024 *\/\n.elementor-widget-text-editor.elementor-drop-cap-view-stacked .elementor-drop-cap{background-color:#69727d;color:#fff}.elementor-widget-text-editor.elementor-drop-cap-view-framed .elementor-drop-cap{color:#69727d;border:3px solid;background-color:transparent}.elementor-widget-text-editor:not(.elementor-drop-cap-view-default) .elementor-drop-cap{margin-top:8px}.elementor-widget-text-editor:not(.elementor-drop-cap-view-default) .elementor-drop-cap-letter{width:1em;height:1em}.elementor-widget-text-editor .elementor-drop-cap{float:left;text-align:center;line-height:1;font-size:50px}.elementor-widget-text-editor .elementor-drop-cap-letter{display:inline-block}<\/style>\t\t\t\t<p><span style=\"color: #000000; font-family: Mulish, sans-serif; font-weight: 600; text-align: left;\">Young Talents and Top Scholars participating in the VNU350 Project will benefit from the remuneration policies of VNU-HCM and of the recruiting insitution which he or she will work with. This section describes  the remuneration policy of VNUHCM.<\/span><\/p>\t\t\t\t\t\t<\/div>\n\t\t\t\t<\/div>\n\t\t<div class=\"elementor-element elementor-element-499be8e6 e-flex e-con-boxed e-con e-parent\" data-id=\"499be8e6\" data-element_type=\"container\">\n\t\t\t\t\t<div class=\"e-con-inner\">\n\t\t\t\t<div class=\"elementor-element elementor-element-6186e91a elementor-tabs-view-horizontal elementor-widget elementor-widget-tabs\" data-id=\"6186e91a\" data-element_type=\"widget\" data-widget_type=\"tabs.default\">\n\t\t\t\t<div class=\"elementor-widget-container\">\n\t\t\t<style>\/*! elementor - v3.21.0 - 08-05-2024 *\/\n.elementor-widget-tabs.elementor-tabs-view-vertical .elementor-tabs-wrapper{width:25%;flex-shrink:0}.elementor-widget-tabs.elementor-tabs-view-vertical .elementor-tab-desktop-title.elementor-active{border-inline-end-style:none}.elementor-widget-tabs.elementor-tabs-view-vertical .elementor-tab-desktop-title.elementor-active:after,.elementor-widget-tabs.elementor-tabs-view-vertical .elementor-tab-desktop-title.elementor-active:before{height:999em;width:0;right:0;border-inline-end-style:solid}.elementor-widget-tabs.elementor-tabs-view-vertical .elementor-tab-desktop-title.elementor-active:before{top:0;transform:translateY(-100%)}.elementor-widget-tabs.elementor-tabs-view-vertical .elementor-tab-desktop-title.elementor-active:after{top:100%}.elementor-widget-tabs.elementor-tabs-view-horizontal .elementor-tab-desktop-title{display:table-cell}.elementor-widget-tabs.elementor-tabs-view-horizontal .elementor-tab-desktop-title.elementor-active{border-bottom-style:none}.elementor-widget-tabs.elementor-tabs-view-horizontal .elementor-tab-desktop-title.elementor-active:after,.elementor-widget-tabs.elementor-tabs-view-horizontal .elementor-tab-desktop-title.elementor-active:before{bottom:0;height:0;width:999em;border-bottom-style:solid}.elementor-widget-tabs.elementor-tabs-view-horizontal .elementor-tab-desktop-title.elementor-active:before{right:100%}.elementor-widget-tabs.elementor-tabs-view-horizontal .elementor-tab-desktop-title.elementor-active:after{left:100%}.elementor-widget-tabs .elementor-tab-content,.elementor-widget-tabs .elementor-tab-title,.elementor-widget-tabs .elementor-tab-title:after,.elementor-widget-tabs .elementor-tab-title:before,.elementor-widget-tabs .elementor-tabs-content-wrapper{border:1px #d5d8dc}.elementor-widget-tabs .elementor-tabs{text-align:start}.elementor-widget-tabs .elementor-tabs-wrapper{overflow:hidden}.elementor-widget-tabs .elementor-tab-title{cursor:pointer;outline:var(--focus-outline,none)}.elementor-widget-tabs .elementor-tab-desktop-title{position:relative;padding:20px 25px;font-weight:700;line-height:1;border:solid transparent}.elementor-widget-tabs .elementor-tab-desktop-title.elementor-active{border-color:#d5d8dc}.elementor-widget-tabs .elementor-tab-desktop-title.elementor-active:after,.elementor-widget-tabs .elementor-tab-desktop-title.elementor-active:before{display:block;content:\"\";position:absolute}.elementor-widget-tabs .elementor-tab-desktop-title:focus-visible{border:1px solid #000}.elementor-widget-tabs .elementor-tab-mobile-title{padding:10px;cursor:pointer}.elementor-widget-tabs .elementor-tab-content{padding:20px;display:none}@media (max-width:767px){.elementor-tabs .elementor-tab-content,.elementor-tabs .elementor-tab-title{border-style:solid solid none}.elementor-tabs .elementor-tabs-wrapper{display:none}.elementor-tabs .elementor-tabs-content-wrapper{border-bottom-style:solid}.elementor-tabs .elementor-tab-content{padding:10px}}@media (min-width:768px){.elementor-widget-tabs.elementor-tabs-view-vertical .elementor-tabs{display:flex}.elementor-widget-tabs.elementor-tabs-view-vertical .elementor-tabs-wrapper{flex-direction:column}.elementor-widget-tabs.elementor-tabs-view-vertical .elementor-tabs-content-wrapper{flex-grow:1;border-style:solid solid solid none}.elementor-widget-tabs.elementor-tabs-view-horizontal .elementor-tab-content{border-style:none solid solid}.elementor-widget-tabs.elementor-tabs-alignment-center .elementor-tabs-wrapper,.elementor-widget-tabs.elementor-tabs-alignment-end .elementor-tabs-wrapper,.elementor-widget-tabs.elementor-tabs-alignment-stretch .elementor-tabs-wrapper{display:flex}.elementor-widget-tabs.elementor-tabs-alignment-center .elementor-tabs-wrapper{justify-content:center}.elementor-widget-tabs.elementor-tabs-alignment-end .elementor-tabs-wrapper{justify-content:flex-end}.elementor-widget-tabs.elementor-tabs-alignment-stretch.elementor-tabs-view-horizontal .elementor-tab-title{width:100%}.elementor-widget-tabs.elementor-tabs-alignment-stretch.elementor-tabs-view-vertical .elementor-tab-title{height:100%}.elementor-tabs .elementor-tab-mobile-title{display:none}}<\/style>\t\t<div class=\"elementor-tabs\">\n\t\t\t<div class=\"elementor-tabs-wrapper\" role=\"tablist\" >\n\t\t\t\t\t\t\t\t\t<div id=\"elementor-tab-title-1631\" class=\"elementor-tab-title elementor-tab-desktop-title\" aria-selected=\"true\" data-tab=\"1\" role=\"tab\" tabindex=\"0\" aria-controls=\"elementor-tab-content-1631\" aria-expanded=\"false\">General policies<\/div>\n\t\t\t\t\t\t\t\t\t<div id=\"elementor-tab-title-1632\" class=\"elementor-tab-title elementor-tab-desktop-title\" aria-selected=\"false\" data-tab=\"2\" role=\"tab\" tabindex=\"-1\" aria-controls=\"elementor-tab-content-1632\" aria-expanded=\"false\">For Young Talents<\/div>\n\t\t\t\t\t\t\t\t\t<div id=\"elementor-tab-title-1633\" class=\"elementor-tab-title elementor-tab-desktop-title\" aria-selected=\"false\" data-tab=\"3\" role=\"tab\" tabindex=\"-1\" aria-controls=\"elementor-tab-content-1633\" aria-expanded=\"false\">For Top Scholars<\/div>\n\t\t\t\t\t\t\t<\/div>\n\t\t\t<div class=\"elementor-tabs-content-wrapper\" role=\"tablist\" aria-orientation=\"vertical\">\n\t\t\t\t\t\t\t\t\t<div class=\"elementor-tab-title elementor-tab-mobile-title\" aria-selected=\"true\" data-tab=\"1\" role=\"tab\" tabindex=\"0\" aria-controls=\"elementor-tab-content-1631\" aria-expanded=\"false\">General policies<\/div>\n\t\t\t\t\t<div id=\"elementor-tab-content-1631\" class=\"elementor-tab-content elementor-clearfix\" data-tab=\"1\" role=\"tabpanel\" aria-labelledby=\"elementor-tab-title-1631\" tabindex=\"0\" hidden=\"false\"><ul><li>Provision of professional working facilities and environments characterized by civility and fairness, with task assignments aligned with individual capabilities.<\/li><li>Access to and utilization of laboratories, databases, and libraries from other institutions within the VNUHCM system for research endeavors, subject to specific conditions for each facility<\/li><li>Facilitation of involvement in the scientific research community, fostering academic collaborations with both domestic and international scientists within VNUHCM, and beyond.<\/li><li>Support for project applications through diverse funding sources, including reputable international and local agencies such as the National Key Science and Technology Program (KC), the National Foundation for Science and Technology Development (Nafosted), as well as funding opportunities from Ho Chi Minh City and other regions, in addition to partnerships with industry stakeholders.<\/li><li>Active engagement in teaching responsibilities and supervision of postgraduate students.<\/li><li>\u0110\u01b0\u1ee3c \u01b0u ti\u00ean \u0111\u0103ng k\u00fd nh\u00e0 c\u00f4ng v\u1ee5, n\u1ebfu \u0111\u00e1p \u1ee9ng c\u00e1c ti\u00eau chu\u1ea9n theo quy \u0111\u1ecbnh.<\/li><\/ul><\/div>\n\t\t\t\t\t\t\t\t\t<div class=\"elementor-tab-title elementor-tab-mobile-title\" aria-selected=\"false\" data-tab=\"2\" role=\"tab\" tabindex=\"-1\" aria-controls=\"elementor-tab-content-1632\" aria-expanded=\"false\">For Young Talents<\/div>\n\t\t\t\t\t<div id=\"elementor-tab-content-1632\" class=\"elementor-tab-content elementor-clearfix\" data-tab=\"2\" role=\"tabpanel\" aria-labelledby=\"elementor-tab-title-1632\" tabindex=\"0\" hidden=\"hidden\"><ul><li>Trong th\u1eddi gian 03 n\u0103m \u0111\u1ea7u: \u0111\u01b0\u1ee3c c\u1ea5p 01 \u0111\u1ec1 t\u00e0i nghi\u00ean c\u1ee9u khoa h\u1ecdc lo\u1ea1i C (kinh ph\u00ed t\u1ed1i \u0111a 200.000.000 \u0111\u1ed3ng). Trong th\u1eddi gian n\u00e0y, ho\u00e0n th\u00e0nh xong \u0111\u1ec1 t\u00e0i nghi\u00ean c\u1ee9u khoa h\u1ecdc \u0111\u00e3 c\u1ea5p, \u0111\u01b0\u1ee3c \u01b0u ti\u00ean x\u00e9t c\u1ea5p \u0111\u1ec1 t\u00e0i nghi\u00ean c\u1ee9u khoa h\u1ecdc ti\u1ebfp theo d\u1ef1a theo n\u0103ng l\u1ef1c (kinh ph\u00ed t\u1ed1i \u0111a 1.000.000.000 \u0111\u1ed3ng) ho\u1eb7c h\u1ed7 tr\u1ee3 nh\u00e0 khoa h\u1ecdc \u0111\u1ec3 xin c\u1ea5p \u0111\u1ec1 t\u00e0i c\u1ea5p cao h\u01a1n.<\/li><li>Fourth Year: Support is provided for investment in laboratory facilities dedicated to scientific research, with a maximum funding of 10,000,000,000 VND.<\/li><li>Fifth Year: Assistance is provided in navigating the procedures and requirements for attaining the Associate Professor title in accordance with state regulations.<\/li><\/ul><\/div>\n\t\t\t\t\t\t\t\t\t<div class=\"elementor-tab-title elementor-tab-mobile-title\" aria-selected=\"false\" data-tab=\"3\" role=\"tab\" tabindex=\"-1\" aria-controls=\"elementor-tab-content-1633\" aria-expanded=\"false\">For Top Scholars<\/div>\n\t\t\t\t\t<div id=\"elementor-tab-content-1633\" class=\"elementor-tab-content elementor-clearfix\" data-tab=\"3\" role=\"tabpanel\" aria-labelledby=\"elementor-tab-title-1633\" tabindex=\"0\" hidden=\"hidden\"><ul><li>Trong th\u1eddi<br \/>gian 02 n\u0103m \u0111\u1ea7u: \u0111\u01b0\u1ee3c c\u1ea5p 01 \u0111\u1ec1 t\u00e0i nghi\u00ean c\u1ee9u khoa h\u1ecdc lo\u1ea1i B (kinh ph\u00ed t\u1ed1i \u0111a<br \/>1.000.000.000 \u0111\u1ed3ng). Trong th\u1eddi gian n\u00e0y, ho\u00e0n th\u00e0nh xong \u0111\u1ec1 t\u00e0i nghi\u00ean c\u1ee9u<br \/>khoa h\u1ecdc \u0111\u00e3 c\u1ea5p, \u0111\u01b0\u1ee3c \u01b0u ti\u00ean x\u00e9t c\u1ea5p \u0111\u1ec1 t\u00e0i nghi\u00ean c\u1ee9u khoa h\u1ecdc ti\u1ebfp theo<br \/>(kinh ph\u00ed t\u1ed1i \u0111a 1.000.000.000 \u0111\u1ed3ng) ho\u1eb7c h\u1ed7 tr\u1ee3 nh\u00e0 khoa h\u1ecdc \u0111\u1ec3 xin c\u1ea5p \u0111\u1ec1 t\u00e0i<br \/>c\u1ea5p cao h\u01a1n.<\/li><li>C\u00e1c n\u0103m ti\u1ebfp<br \/>theo: (1) \u0111\u01b0\u1ee3c h\u1ed7 tr\u1ee3 \u0111\u1ea7u t\u01b0 ph\u00f2ng th\u00ed nghi\u1ec7m ph\u1ee5c v\u1ee5 nghi\u00ean c\u1ee9u khoa h\u1ecdc, kinh<br \/>ph\u00ed t\u1ed1i \u0111a 30 t\u1ef7 \u0111\u1ed3ng; (2) \u0111\u01b0\u1ee3c h\u1ed7 tr\u1ee3 th\u00e0nh l\u1eadp nh\u00f3m nghi\u00ean c\u1ee9u m\u1ea1nh; (3) \u0111\u01b0\u1ee3c<br \/>h\u1ed7 tr\u1ee3 \u0111\u0103ng k\u00fd ch\u1ee7 tr\u00ec \u0111\u1ec1 t\u00e0i c\u00e1c c\u1ea5p.<\/li><\/ul><\/div>\n\t\t\t\t\t\t\t<\/div>\n\t\t<\/div>\n\t\t\t\t<\/div>\n\t\t\t\t<\/div>\n\t\t\t\t\t<\/div>\n\t\t\t\t<\/div>\n\t\t\t\t\t<\/div>\n\t\t<\/div>\n\t\t\t\t\t<\/div>\n\t\t<\/section>\n\t\t\t\t<\/div>","protected":false},"excerpt":{"rendered":"<p>CH\u00cdNH S\u00c1CH \u0110\u00c3I NG\u1ed8 C\u00e1c nh\u00e0 khoa h\u1ecdc tr\u1ebb xu\u1ea5t s\u1eafc, nh\u00e0 khoa h\u1ecdc \u0111\u1ea7u ng\u00e0nh tham gia Ch\u01b0\u01a1ng tr\u00ecnh VNU350 s\u1ebd \u0111\u01b0\u1ee3c h\u01b0\u1edfng ch\u00ednh s\u00e1ch h\u1ed7 tr\u1ee3 t\u1eeb \u0110HQG-HCM v\u00e0 ch\u00ednh s\u00e1ch h\u1ed7 tr\u1ee3 c\u1ee5 th\u1ec3 c\u1ee7a t\u1eebng \u0111\u01a1n v\u1ecb tuy\u1ec3n d\u1ee5ng. C\u00e1c ch\u00ednh s\u00e1ch \u0111\u00e3i ng\u1ed9 t\u1eeb \u0110HQG-HCM bao g\u1ed3m: Ch\u00ednh s\u00e1ch chung [&hellip;]<\/p>","protected":false},"author":1,"featured_media":8034,"parent":0,"menu_order":0,"comment_status":"closed","ping_status":"closed","template":"elementor_header_footer","meta":{"footnotes":""},"class_list":["post-8835","page","type-page","status-publish","has-post-thumbnail","hentry"],"_links":{"self":[{"href":"https:\/\/vnu350.vnuhcm.edu.vn\/en\/wp-json\/wp\/v2\/pages\/8835","targetHints":{"allow":["GET"]}}],"collection":[{"href":"https:\/\/vnu350.vnuhcm.edu.vn\/en\/wp-json\/wp\/v2\/pages"}],"about":[{"href":"https:\/\/vnu350.vnuhcm.edu.vn\/en\/wp-json\/wp\/v2\/types\/page"}],"author":[{"embeddable":true,"href":"https:\/\/vnu350.vnuhcm.edu.vn\/en\/wp-json\/wp\/v2\/users\/1"}],"replies":[{"embeddable":true,"href":"https:\/\/vnu350.vnuhcm.edu.vn\/en\/wp-json\/wp\/v2\/comments?post=8835"}],"version-history":[{"count":16,"href":"https:\/\/vnu350.vnuhcm.edu.vn\/en\/wp-json\/wp\/v2\/pages\/8835\/revisions"}],"predecessor-version":[{"id":9774,"href":"https:\/\/vnu350.vnuhcm.edu.vn\/en\/wp-json\/wp\/v2\/pages\/8835\/revisions\/9774"}],"wp:featuredmedia":[{"embeddable":true,"href":"https:\/\/vnu350.vnuhcm.edu.vn\/en\/wp-json\/wp\/v2\/media\/8034"}],"wp:attachment":[{"href":"https:\/\/vnu350.vnuhcm.edu.vn\/en\/wp-json\/wp\/v2\/media?parent=8835"}],"curies":[{"name":"wp","href":"https:\/\/api.w.org\/{rel}","templated":true}]}}