{"id":8840,"date":"2025-02-06T06:52:40","date_gmt":"2025-02-06T06:52:40","guid":{"rendered":"https:\/\/vnu350.vnuhcm.edu.vn\/?page_id=8840"},"modified":"2025-02-10T06:47:53","modified_gmt":"2025-02-10T06:47:53","slug":"gioi-thieu-chuong-trinh","status":"publish","type":"page","link":"https:\/\/vnu350.vnuhcm.edu.vn\/en\/gioi-thieu-chuong-trinh\/","title":{"rendered":"Overview project"},"content":{"rendered":"<div data-elementor-type=\"wp-page\" data-elementor-id=\"8840\" class=\"elementor elementor-8840\" data-elementor-post-type=\"page\">\n\t\t\t\t\t\t<section class=\"elementor-section elementor-top-section elementor-element elementor-element-11d50caf elementor-section-stretched elementor-section-content-middle elementor-section-boxed elementor-section-height-default elementor-section-height-default\" data-id=\"11d50caf\" data-element_type=\"section\" data-settings=\"{&quot;stretch_section&quot;:&quot;section-stretched&quot;,&quot;background_background&quot;:&quot;gradient&quot;}\">\n\t\t\t\t\t\t<div class=\"elementor-container elementor-column-gap-extended\">\n\t\t\t\t\t<div class=\"elementor-column elementor-col-50 elementor-top-column elementor-element elementor-element-64f2acc5\" data-id=\"64f2acc5\" data-element_type=\"column\">\n\t\t\t<div class=\"elementor-widget-wrap elementor-element-populated\">\n\t\t\t\t\t\t<div class=\"elementor-element elementor-element-67b6fb1d elementor-widget elementor-widget-heading\" data-id=\"67b6fb1d\" data-element_type=\"widget\" data-widget_type=\"heading.default\">\n\t\t\t\t<div class=\"elementor-widget-container\">\n\t\t\t<style>\/*! elementor - v3.21.0 - 08-05-2024 *\/\n.elementor-heading-title{padding:0;margin:0;line-height:1}.elementor-widget-heading .elementor-heading-title[class*=elementor-size-]>a{color:inherit;font-size:inherit;line-height:inherit}.elementor-widget-heading .elementor-heading-title.elementor-size-small{font-size:15px}.elementor-widget-heading .elementor-heading-title.elementor-size-medium{font-size:19px}.elementor-widget-heading .elementor-heading-title.elementor-size-large{font-size:29px}.elementor-widget-heading .elementor-heading-title.elementor-size-xl{font-size:39px}.elementor-widget-heading .elementor-heading-title.elementor-size-xxl{font-size:59px}<\/style><h2 class=\"elementor-heading-title elementor-size-default\">OVERVIEW<\/h2>\t\t<\/div>\n\t\t\t\t<\/div>\n\t\t\t\t<div class=\"elementor-element elementor-element-76291dc3 elementor-widget__width-initial elementor-widget elementor-widget-text-editor\" data-id=\"76291dc3\" data-element_type=\"widget\" data-widget_type=\"text-editor.default\">\n\t\t\t\t<div class=\"elementor-widget-container\">\n\t\t\t<style>\/*! elementor - v3.21.0 - 08-05-2024 *\/\n.elementor-widget-text-editor.elementor-drop-cap-view-stacked .elementor-drop-cap{background-color:#69727d;color:#fff}.elementor-widget-text-editor.elementor-drop-cap-view-framed .elementor-drop-cap{color:#69727d;border:3px solid;background-color:transparent}.elementor-widget-text-editor:not(.elementor-drop-cap-view-default) .elementor-drop-cap{margin-top:8px}.elementor-widget-text-editor:not(.elementor-drop-cap-view-default) .elementor-drop-cap-letter{width:1em;height:1em}.elementor-widget-text-editor .elementor-drop-cap{float:left;text-align:center;line-height:1;font-size:50px}.elementor-widget-text-editor .elementor-drop-cap-letter{display:inline-block}<\/style>\t\t\t\t<p><span style=\"color: #000000;\">VNU350 Project is one of initiatives of Vietnam National University Ho Chi Minh City (VNUHCM) to achieve the vision of becoming a leading university in Asia, nurturing talents, advancing knowldege, and enriching Vienamese culture. The project aims at attracting, retaining, and nurturing 350 outstanding young scientists and top scholars, herein referred as \"Young Talents\" and \"Top Scholars\",  in various fields during the period 2024-2030.<\/span><\/p><p><span style=\"color: #000000;\">The VNU350 Project is implemented based on the following principles:<\/span><\/p><ul><li><span style=\"color: #000000;\">Ensuring alignment with the Party's direction, state regulations, the development strategy of VNUHCM, and the practical needs of its member and affiliated institutions.<\/span><\/li><li><span style=\"color: #000000;\">Conducting activities openly, transparently, fairly, objectively, with quality and efficiency; selecting individuals with the requisite qualities and capabilities to meet the requirements of the recruited positions, as well as the conditions of the remuneration policy.<\/span><\/li><li><span style=\"color: #000000;\">Involving a joint commitment among the three stakeholders: VNUHCM - the Member or Affiliated Institution  - the Scientists.<\/span><\/li><\/ul>\t\t\t\t\t\t<\/div>\n\t\t\t\t<\/div>\n\t\t\t\t\t<\/div>\n\t\t<\/div>\n\t\t\t\t<div class=\"elementor-column elementor-col-50 elementor-top-column elementor-element elementor-element-13525822\" data-id=\"13525822\" data-element_type=\"column\">\n\t\t\t<div class=\"elementor-widget-wrap elementor-element-populated\">\n\t\t\t\t\t\t<div class=\"elementor-element elementor-element-7b7b3e7e elementor-arrows-position-inside elementor-pagination-position-outside elementor-widget elementor-widget-image-carousel\" data-id=\"7b7b3e7e\" data-element_type=\"widget\" data-settings=\"{&quot;slides_to_show&quot;:&quot;1&quot;,&quot;lazyload&quot;:&quot;yes&quot;,&quot;navigation&quot;:&quot;both&quot;,&quot;autoplay&quot;:&quot;yes&quot;,&quot;pause_on_hover&quot;:&quot;yes&quot;,&quot;pause_on_interaction&quot;:&quot;yes&quot;,&quot;autoplay_speed&quot;:5000,&quot;infinite&quot;:&quot;yes&quot;,&quot;effect&quot;:&quot;slide&quot;,&quot;speed&quot;:500}\" data-widget_type=\"image-carousel.default\">\n\t\t\t\t<div class=\"elementor-widget-container\">\n\t\t\t<style>\/*! elementor - v3.21.0 - 08-05-2024 *\/\n.elementor-widget-image-carousel .swiper,.elementor-widget-image-carousel .swiper-container{position:static}.elementor-widget-image-carousel .swiper-container .swiper-slide figure,.elementor-widget-image-carousel .swiper .swiper-slide figure{line-height:inherit}.elementor-widget-image-carousel .swiper-slide{text-align:center}.elementor-image-carousel-wrapper:not(.swiper-container-initialized):not(.swiper-initialized) .swiper-slide{max-width:calc(100% \/ var(--e-image-carousel-slides-to-show, 3))}<\/style>\t\t<div class=\"elementor-image-carousel-wrapper swiper\" dir=\"ltr\">\n\t\t\t<div class=\"elementor-image-carousel swiper-wrapper\" aria-live=\"off\">\n\t\t\t\t\t\t\t\t<div class=\"swiper-slide\" role=\"group\" aria-roledescription=\"slide\" aria-label=\"1 of 5\"><figure class=\"swiper-slide-inner\"><img class=\"swiper-slide-image swiper-lazy\" data-src=\"https:\/\/vnu350.vnuhcm.edu.vn\/wp-content\/uploads\/2024\/02\/page-7-1536x1024.jpg\" alt=\"page 7\" \/><div class=\"swiper-lazy-preloader\"><\/div><\/figure><\/div><div class=\"swiper-slide\" role=\"group\" aria-roledescription=\"slide\" aria-label=\"2 of 5\"><figure class=\"swiper-slide-inner\"><img class=\"swiper-slide-image swiper-lazy\" data-src=\"https:\/\/vnu350.vnuhcm.edu.vn\/wp-content\/uploads\/2024\/02\/page-4-1536x1024.jpg\" alt=\"page 4\" \/><div class=\"swiper-lazy-preloader\"><\/div><\/figure><\/div><div class=\"swiper-slide\" role=\"group\" aria-roledescription=\"slide\" aria-label=\"3 of 5\"><figure class=\"swiper-slide-inner\"><img class=\"swiper-slide-image swiper-lazy\" data-src=\"https:\/\/vnu350.vnuhcm.edu.vn\/wp-content\/uploads\/2024\/02\/He\u0323\u0302-tho\u0302\u0301ng-ho\u0302\u0300-nu\u031bo\u031b\u0301c-ca\u0302y-xanh-va\u0300-nhu\u031b\u0303ng-con-du\u031bo\u031b\u0300ng-ta\u0323o-ne\u0302n-kho\u0302ng-gian-da\u0323\u0306c-tru\u031bng-cu\u0309a-Khu-do\u0302-thi\u0323-DHQG-HCM-1536x864.jpg\" alt=\"He\u0323\u0302 tho\u0302\u0301ng ho\u0302\u0300 nu\u031bo\u031b\u0301c, ca\u0302y xanh va\u0300 nhu\u031b\u0303ng con \u0111u\u031bo\u031b\u0300ng ta\u0323o ne\u0302n kho\u0302ng gian \u0111a\u0323\u0306c tru\u031bng cu\u0309a Khu \u0111o\u0302 thi\u0323 \u0110HQG-HCM\" \/><div class=\"swiper-lazy-preloader\"><\/div><\/figure><\/div><div class=\"swiper-slide\" role=\"group\" aria-roledescription=\"slide\" aria-label=\"4 of 5\"><figure class=\"swiper-slide-inner\"><img class=\"swiper-slide-image swiper-lazy\" data-src=\"https:\/\/vnu350.vnuhcm.edu.vn\/wp-content\/uploads\/2024\/02\/page-6.2-1536x1024.jpg\" alt=\"page 6.2\" \/><div class=\"swiper-lazy-preloader\"><\/div><\/figure><\/div><div class=\"swiper-slide\" role=\"group\" aria-roledescription=\"slide\" aria-label=\"5 of 5\"><figure class=\"swiper-slide-inner\"><img class=\"swiper-slide-image swiper-lazy\" data-src=\"https:\/\/vnu350.vnuhcm.edu.vn\/wp-content\/uploads\/2024\/02\/TO\u0323A-DA\u0300M_-XA\u0302Y-DU\u031b\u0323NG-CHU\u031bO\u031bNG-TRI\u0300NH-DA\u0323O-TA\u0323O-NGHIE\u0302N-CU\u031b\u0301U-TIE\u0302N-TIE\u0302\u0301N-NGA\u0300NH-THIE\u0302\u0301T-KE\u0302\u0301-VI-MA\u0323CH-TA\u0323I-DHQG-HCM-1536x864.jpeg\" alt=\"TO\u0323A \u0110A\u0300M_ XA\u0302Y DU\u031b\u0323NG CHU\u031bO\u031bNG TRI\u0300NH \u0110A\u0323O TA\u0323O, NGHIE\u0302N CU\u031b\u0301U TIE\u0302N TIE\u0302\u0301N NGA\u0300NH THIE\u0302\u0301T KE\u0302\u0301 VI MA\u0323CH TA\u0323I \u0110HQG-HCM\" \/><div class=\"swiper-lazy-preloader\"><\/div><\/figure><\/div>\t\t\t<\/div>\n\t\t\t\t\t\t\t\t\t\t\t\t<div class=\"elementor-swiper-button elementor-swiper-button-prev\" role=\"button\" tabindex=\"0\">\n\t\t\t\t\t\t<svg aria-hidden=\"true\" class=\"e-font-icon-svg e-eicon-chevron-left\" viewbox=\"0 0 1000 1000\" xmlns=\"http:\/\/www.w3.org\/2000\/svg\"><path d=\"M646 125C629 125 613 133 604 142L308 442C296 454 292 471 292 487 292 504 296 521 308 533L604 854C617 867 629 875 646 875 663 875 679 871 692 858 704 846 713 829 713 812 713 796 708 779 692 767L438 487 692 225C700 217 708 204 708 187 708 171 704 154 692 142 675 129 663 125 646 125Z\"><\/path><\/svg>\t\t\t\t\t<\/div>\n\t\t\t\t\t<div class=\"elementor-swiper-button elementor-swiper-button-next\" role=\"button\" tabindex=\"0\">\n\t\t\t\t\t\t<svg aria-hidden=\"true\" class=\"e-font-icon-svg e-eicon-chevron-right\" viewbox=\"0 0 1000 1000\" xmlns=\"http:\/\/www.w3.org\/2000\/svg\"><path d=\"M696 533C708 521 713 504 713 487 713 471 708 454 696 446L400 146C388 133 375 125 354 125 338 125 325 129 313 142 300 154 292 171 292 187 292 204 296 221 308 233L563 492 304 771C292 783 288 800 288 817 288 833 296 850 308 863 321 871 338 875 354 875 371 875 388 867 400 854L696 533Z\"><\/path><\/svg>\t\t\t\t\t<\/div>\n\t\t\t\t\n\t\t\t\t\t\t\t\t\t<div class=\"swiper-pagination\"><\/div>\n\t\t\t\t\t\t\t\t\t<\/div>\n\t\t\t\t<\/div>\n\t\t\t\t<\/div>\n\t\t\t\t\t<\/div>\n\t\t<\/div>\n\t\t\t\t\t<\/div>\n\t\t<\/section>\n\t\t\t\t<\/div>","protected":false},"excerpt":{"rendered":"<p>GI\u1edaI THI\u1ec6U CH\u01af\u01a0NG TR\u00ccNH \u0110\u1ec3 hi\u1ec7n th\u1ef1c h\u00f3a t\u1ea7m nh\u00ecn tr\u1edf th\u00e0nh h\u1ec7 th\u1ed1ng \u0111\u1ea1i h\u1ecdc nghi\u00ean c\u1ee9u trong t\u1ed1p \u0111\u1ea7u ch\u00e2u \u00c1, n\u01a1i h\u1ed9i t\u1ee5 nh\u00e2n t\u00e0i v\u00e0 lan t\u1ecfa tri th\u1ee9c, v\u0103n h\u00f3a Vi\u1ec7t Nam, \u0110HQG-HCM x\u00e2y d\u1ef1ng ch\u01b0\u01a1ng tr\u00ecnh thu h\u00fat, gi\u1eef ch\u00e2n v\u00e0 ph\u00e1t tri\u1ec3n c\u00e1c nh\u00e0 khoa h\u1ecdc tr\u1ebb xu\u1ea5t [&hellip;]<\/p>","protected":false},"author":1,"featured_media":8034,"parent":0,"menu_order":0,"comment_status":"closed","ping_status":"closed","template":"elementor_header_footer","meta":{"footnotes":""},"class_list":["post-8840","page","type-page","status-publish","has-post-thumbnail","hentry"],"_links":{"self":[{"href":"https:\/\/vnu350.vnuhcm.edu.vn\/en\/wp-json\/wp\/v2\/pages\/8840","targetHints":{"allow":["GET"]}}],"collection":[{"href":"https:\/\/vnu350.vnuhcm.edu.vn\/en\/wp-json\/wp\/v2\/pages"}],"about":[{"href":"https:\/\/vnu350.vnuhcm.edu.vn\/en\/wp-json\/wp\/v2\/types\/page"}],"author":[{"embeddable":true,"href":"https:\/\/vnu350.vnuhcm.edu.vn\/en\/wp-json\/wp\/v2\/users\/1"}],"replies":[{"embeddable":true,"href":"https:\/\/vnu350.vnuhcm.edu.vn\/en\/wp-json\/wp\/v2\/comments?post=8840"}],"version-history":[{"count":7,"href":"https:\/\/vnu350.vnuhcm.edu.vn\/en\/wp-json\/wp\/v2\/pages\/8840\/revisions"}],"predecessor-version":[{"id":9082,"href":"https:\/\/vnu350.vnuhcm.edu.vn\/en\/wp-json\/wp\/v2\/pages\/8840\/revisions\/9082"}],"wp:featuredmedia":[{"embeddable":true,"href":"https:\/\/vnu350.vnuhcm.edu.vn\/en\/wp-json\/wp\/v2\/media\/8034"}],"wp:attachment":[{"href":"https:\/\/vnu350.vnuhcm.edu.vn\/en\/wp-json\/wp\/v2\/media?parent=8840"}],"curies":[{"name":"wp","href":"https:\/\/api.w.org\/{rel}","templated":true}]}}