{"id":8842,"date":"2025-02-06T06:58:38","date_gmt":"2025-02-06T06:58:38","guid":{"rendered":"https:\/\/vnu350.vnuhcm.edu.vn\/?page_id=8842"},"modified":"2025-02-10T10:39:05","modified_gmt":"2025-02-10T10:39:05","slug":"dieu-kien-tieu-chuan","status":"publish","type":"page","link":"https:\/\/vnu350.vnuhcm.edu.vn\/en\/dieu-kien-tieu-chuan\/","title":{"rendered":"Application criteria"},"content":{"rendered":"<div data-elementor-type=\"wp-page\" data-elementor-id=\"8842\" class=\"elementor elementor-8842\" data-elementor-post-type=\"page\">\n\t\t\t\t\t\t<section class=\"elementor-section elementor-top-section elementor-element elementor-element-1a56ec02 elementor-section-stretched elementor-section-boxed elementor-section-height-default elementor-section-height-default\" data-id=\"1a56ec02\" data-element_type=\"section\" data-settings=\"{&quot;stretch_section&quot;:&quot;section-stretched&quot;,&quot;background_background&quot;:&quot;gradient&quot;}\">\n\t\t\t\t\t\t\t<div class=\"elementor-background-overlay\"><\/div>\n\t\t\t\t\t\t\t<div class=\"elementor-container elementor-column-gap-extended\">\n\t\t\t\t\t<div class=\"elementor-column elementor-col-100 elementor-top-column elementor-element elementor-element-7ccd6bcd\" data-id=\"7ccd6bcd\" data-element_type=\"column\">\n\t\t\t<div class=\"elementor-widget-wrap elementor-element-populated\">\n\t\t\t\t\t\t<div class=\"elementor-element elementor-element-6041fefd elementor-widget elementor-widget-heading\" data-id=\"6041fefd\" data-element_type=\"widget\" data-widget_type=\"heading.default\">\n\t\t\t\t<div class=\"elementor-widget-container\">\n\t\t\t<style>\/*! elementor - v3.21.0 - 08-05-2024 *\/\n.elementor-heading-title{padding:0;margin:0;line-height:1}.elementor-widget-heading .elementor-heading-title[class*=elementor-size-]>a{color:inherit;font-size:inherit;line-height:inherit}.elementor-widget-heading .elementor-heading-title.elementor-size-small{font-size:15px}.elementor-widget-heading .elementor-heading-title.elementor-size-medium{font-size:19px}.elementor-widget-heading .elementor-heading-title.elementor-size-large{font-size:29px}.elementor-widget-heading .elementor-heading-title.elementor-size-xl{font-size:39px}.elementor-widget-heading .elementor-heading-title.elementor-size-xxl{font-size:59px}<\/style><h2 class=\"elementor-heading-title elementor-size-default\">APPLICATION CRITERIA<\/h2>\t\t<\/div>\n\t\t\t\t<\/div>\n\t\t\t\t<div class=\"elementor-element elementor-element-4a2c79e elementor-widget elementor-widget-text-editor\" data-id=\"4a2c79e\" data-element_type=\"widget\" data-widget_type=\"text-editor.default\">\n\t\t\t\t<div class=\"elementor-widget-container\">\n\t\t\t<style>\/*! elementor - v3.21.0 - 08-05-2024 *\/\n.elementor-widget-text-editor.elementor-drop-cap-view-stacked .elementor-drop-cap{background-color:#69727d;color:#fff}.elementor-widget-text-editor.elementor-drop-cap-view-framed .elementor-drop-cap{color:#69727d;border:3px solid;background-color:transparent}.elementor-widget-text-editor:not(.elementor-drop-cap-view-default) .elementor-drop-cap{margin-top:8px}.elementor-widget-text-editor:not(.elementor-drop-cap-view-default) .elementor-drop-cap-letter{width:1em;height:1em}.elementor-widget-text-editor .elementor-drop-cap{float:left;text-align:center;line-height:1;font-size:50px}.elementor-widget-text-editor .elementor-drop-cap-letter{display:inline-block}<\/style>\t\t\t\t<p><strong>Eligibility<\/strong><\/p><ul><li>Outstanding young scientists and distinguished scholars who fulfill the recruitment criteria are eligible to apply for a position within the VNU350 Project.<\/li><\/ul><p><strong>General Criteria<\/strong><\/p><ul><li><em>Hold a Ph.D. degree.<\/em> Preference will be given to candidates with academic titles and expertise relevant to the recruiting positions, along with experience and work abroad.<\/li><li><em>Uphold the core values of VNU-HCM: Excellence, Pioneering, Integrity, Responsibility, Community.<\/em>. Candidates must demonstrate the ability to teach, conduct independent research, and possess aspirations to contribute to the development of VNUHCM and higher education in Vietnam in general.<\/li><li>Candidates applying for a position within the VNU350 Project must be prepared to accept the offers upon successful recruitment notification.<\/li><\/ul><p><strong>Specific Criteria<\/strong><\/p><ul><li><strong><em>For Young Talents, applicants must meet one of the following four criteria:<\/em><\/strong><\/li><\/ul><p>(1) Have published scientific papers in reputable journals or conferences.<\/p><p>(2) Hold successful patents or inventions.<\/p><p>(3) Have experience in transferring scientific products or technologies.<\/p><p>(4) Propose new research directions aligned with VNUHCM's development strategy.<\/p><ul><li><strong><em>For Top Scholars, applicants must meet all of the following criteria:<\/em><\/strong><\/li><\/ul><p>Experienced and capable:<\/p><p>(1) Demonstrate experience and capabilities in leading a research group or laboratory.<\/p><p>(2) Have led research projects.<\/p><p>(3) Possess a record of published works in reputable scientific journals or own exclusive patents.<\/p><p>(4) Show competency in both teaching and research supervision.<\/p><p>(5) Have established relationships and collaborations both domestically and internationally (serving as a member of international scientific and technological organizations, member of the organizing commitee of international conferences and workshops, editor or reviewer for international scientific journals).<\/p>\t\t\t\t\t\t<\/div>\n\t\t\t\t<\/div>\n\t\t\t\t\t<\/div>\n\t\t<\/div>\n\t\t\t\t\t<\/div>\n\t\t<\/section>\n\t\t\t\t<\/div>","protected":false},"excerpt":{"rendered":"<p>\u0110I\u1ec0U KI\u1ec6N, TI\u00caU CHU\u1ea8N \u0110\u1ed1i t\u01b0\u1ee3ng tuy\u1ec3n d\u1ee5ng: C\u00e1c nh\u00e0 khoa h\u1ecdc tr\u1ebb xu\u1ea5t s\u1eafc, c\u00e1c nh\u00e0 khoa h\u1ecdc \u0111\u1ea7u ng\u00e0nh \u0111\u00e1p \u1ee9ng c\u00e1c \u0111i\u1ec1u ki\u1ec7n, ti\u00eau chu\u1ea9n theo y\u00eau c\u1ea7u \u0111\u1ec1u c\u00f3 th\u1ec3 tham gia \u1ee9ng tuy\u1ec3n Ch\u01b0\u01a1ng tr\u00ecnh VNU350. \u0110i\u1ec1u ki\u1ec7n, ti\u00eau chu\u1ea9n chung C\u00f3 tr\u00ecnh \u0111\u1ed9 ti\u1ebfn s\u0129. \u01afu ti\u00ean c\u00e1c \u1ee9ng [&hellip;]<\/p>","protected":false},"author":1,"featured_media":8034,"parent":0,"menu_order":0,"comment_status":"closed","ping_status":"closed","template":"elementor_header_footer","meta":{"footnotes":""},"class_list":["post-8842","page","type-page","status-publish","has-post-thumbnail","hentry"],"_links":{"self":[{"href":"https:\/\/vnu350.vnuhcm.edu.vn\/en\/wp-json\/wp\/v2\/pages\/8842","targetHints":{"allow":["GET"]}}],"collection":[{"href":"https:\/\/vnu350.vnuhcm.edu.vn\/en\/wp-json\/wp\/v2\/pages"}],"about":[{"href":"https:\/\/vnu350.vnuhcm.edu.vn\/en\/wp-json\/wp\/v2\/types\/page"}],"author":[{"embeddable":true,"href":"https:\/\/vnu350.vnuhcm.edu.vn\/en\/wp-json\/wp\/v2\/users\/1"}],"replies":[{"embeddable":true,"href":"https:\/\/vnu350.vnuhcm.edu.vn\/en\/wp-json\/wp\/v2\/comments?post=8842"}],"version-history":[{"count":19,"href":"https:\/\/vnu350.vnuhcm.edu.vn\/en\/wp-json\/wp\/v2\/pages\/8842\/revisions"}],"predecessor-version":[{"id":9125,"href":"https:\/\/vnu350.vnuhcm.edu.vn\/en\/wp-json\/wp\/v2\/pages\/8842\/revisions\/9125"}],"wp:featuredmedia":[{"embeddable":true,"href":"https:\/\/vnu350.vnuhcm.edu.vn\/en\/wp-json\/wp\/v2\/media\/8034"}],"wp:attachment":[{"href":"https:\/\/vnu350.vnuhcm.edu.vn\/en\/wp-json\/wp\/v2\/media?parent=8842"}],"curies":[{"name":"wp","href":"https:\/\/api.w.org\/{rel}","templated":true}]}}