{"id":8859,"date":"2025-02-06T07:21:46","date_gmt":"2025-02-06T07:21:46","guid":{"rendered":"https:\/\/vnu350.vnuhcm.edu.vn\/?page_id=8859"},"modified":"2026-04-16T08:40:43","modified_gmt":"2026-04-16T08:40:43","slug":"huong-dan-nop-ho-so","status":"publish","type":"page","link":"https:\/\/vnu350.vnuhcm.edu.vn\/en\/huong-dan-nop-ho-so\/","title":{"rendered":"Application guidelines"},"content":{"rendered":"<div data-elementor-type=\"wp-page\" data-elementor-id=\"8859\" class=\"elementor elementor-8859\" data-elementor-post-type=\"page\">\n\t\t\t\t\t\t<section class=\"elementor-section elementor-top-section elementor-element elementor-element-7b3ef93e elementor-section-stretched elementor-section-boxed elementor-section-height-default elementor-section-height-default\" data-id=\"7b3ef93e\" data-element_type=\"section\" data-settings=\"{&quot;stretch_section&quot;:&quot;section-stretched&quot;,&quot;background_background&quot;:&quot;gradient&quot;}\">\n\t\t\t\t\t\t\t<div class=\"elementor-background-overlay\"><\/div>\n\t\t\t\t\t\t\t<div class=\"elementor-container elementor-column-gap-extended\">\n\t\t\t\t\t<div class=\"elementor-column elementor-col-100 elementor-top-column elementor-element elementor-element-57957ba3\" data-id=\"57957ba3\" data-element_type=\"column\">\n\t\t\t<div class=\"elementor-widget-wrap elementor-element-populated\">\n\t\t\t\t\t\t<div class=\"elementor-element elementor-element-431a3906 elementor-widget elementor-widget-heading\" data-id=\"431a3906\" data-element_type=\"widget\" data-widget_type=\"heading.default\">\n\t\t\t\t<div class=\"elementor-widget-container\">\n\t\t\t<style>\/*! elementor - v3.21.0 - 08-05-2024 *\/\n.elementor-heading-title{padding:0;margin:0;line-height:1}.elementor-widget-heading .elementor-heading-title[class*=elementor-size-]>a{color:inherit;font-size:inherit;line-height:inherit}.elementor-widget-heading .elementor-heading-title.elementor-size-small{font-size:15px}.elementor-widget-heading .elementor-heading-title.elementor-size-medium{font-size:19px}.elementor-widget-heading .elementor-heading-title.elementor-size-large{font-size:29px}.elementor-widget-heading .elementor-heading-title.elementor-size-xl{font-size:39px}.elementor-widget-heading .elementor-heading-title.elementor-size-xxl{font-size:59px}<\/style><h2 class=\"elementor-heading-title elementor-size-default\">APPLICATION GUIDELINES<\/h2>\t\t<\/div>\n\t\t\t\t<\/div>\n\t\t\t\t<div class=\"elementor-element elementor-element-7946135f elementor-widget elementor-widget-text-editor\" data-id=\"7946135f\" data-element_type=\"widget\" data-widget_type=\"text-editor.default\">\n\t\t\t\t<div class=\"elementor-widget-container\">\n\t\t\t<style>\/*! elementor - v3.21.0 - 08-05-2024 *\/\n.elementor-widget-text-editor.elementor-drop-cap-view-stacked .elementor-drop-cap{background-color:#69727d;color:#fff}.elementor-widget-text-editor.elementor-drop-cap-view-framed .elementor-drop-cap{color:#69727d;border:3px solid;background-color:transparent}.elementor-widget-text-editor:not(.elementor-drop-cap-view-default) .elementor-drop-cap{margin-top:8px}.elementor-widget-text-editor:not(.elementor-drop-cap-view-default) .elementor-drop-cap-letter{width:1em;height:1em}.elementor-widget-text-editor .elementor-drop-cap{float:left;text-align:center;line-height:1;font-size:50px}.elementor-widget-text-editor .elementor-drop-cap-letter{display:inline-block}<\/style>\t\t\t\t<p><strong>APPLICATION PACKAGE<\/strong><\/p>\n<p>Candidates must assemble a comprehensive portfolio of competencies, comprising the following components:<\/p>\n<ul>\n<li>Letter of intent.<\/li>\n<li>Reference letter from previous employer or recommendation letter(s) from reputable supervisor or experts.<\/li>\n<li>Scientific biography; <strong>(utilizing the provided template&nbsp;<a href=\"https:\/\/docs.google.com\/document\/d\/1Ffsc7kPRGwfTBijloo3zb2jVahLjhhVC\/edit?usp=drive_link&amp;ouid=117507710607024608391&amp;rtpof=true&amp;sd=true\">DOWNLOAD<\/a><a href=\"https:\/\/docs.google.com\/document\/d\/1Ffsc7kPRGwfTBijloo3zb2jVahLjhhVC\/edit?usp=drive_link&amp;ouid=117507710607024608391&amp;rtpof=true&amp;sd=true\">)<\/a><\/strong>;<\/li>\n<li>Personal action plan for the next five years if selected.<\/li>\n<li>Research project proposal (<strong>utilizing the provided template&nbsp;<\/strong><strong><a href=\"https:\/\/docs.google.com\/document\/d\/1PQKDtWI-A4ylxSppW0olNa_gYtpmbtiK\/edit?usp=drive_link&amp;ouid=117507710607024608391&amp;rtpof=true&amp;sd=true\">DOWNLOAD<\/a>)<\/strong>;<\/li>\n<li>Supporting documentation showcasing qualifications, work experience, and pertinent achievements relevant to the desired positions.<\/li>\n<\/ul>\n<p><strong>APPLICATION SUBMISSION<\/strong><\/p>\n<p>Candidates prepare documents and send them to VNU-HCM <strong>tr\u01b0\u1edbc ng\u00e0y 31\/12\/2026<\/strong>&nbsp;via one of two methods:&nbsp;<\/p>\n<ul>\n<li>Direct submission via the website: <a href=\"https:\/\/vnu350.vnuhmc.edu.vn\">vnu350.vnuhcm.edu.vn<\/a>;<\/li>\n<li>Submission via email to: <a href=\"mailto:vnu350@vnuhcm.edu.vn\">vnu350@vnuhcm.edu.vn<\/a><u>;<\/u><\/li>\n<\/ul>\n<p><strong><em>If the field of interest for the applicant is not listed in the recruitment categories of any instututions, the candidate may submit their application directly to VNU-HCM.<\/em><\/strong><\/p>\n<p><strong><em>Candidates can submit applications directly at the unit and register to participate in the VNU350 Program of VNU-HCM.<\/em><\/strong><\/p>\n<p><em><strong>Each candidate is permitted to apply for only one position at a single institution that aligns well with their expertise, experience, and capabilities. Application documents will not be returned.<\/strong><\/em><\/p>\n<p><em><u>Note:<\/u><\/em> Candidates bear full responsibility for the legality and accuracy of their submitted documents. Any instances of false information or document forgery will lead to the invalidation of results and may result in legal consequences.<\/p>\n<p>H\u1ed9i \u0111\u1ed3ng tuy\u1ec3n ch\u1ecdn s\u1ebd&nbsp; h\u1ecdp \u0111\u1ecbnh k\u1ef3&nbsp; v\u00e0 th\u00f4ng b\u00e1o k\u1ebft qu\u1ea3 t\u1ea1i website: vnu350.vnuhcm.edu.vn<\/p>\t\t\t\t\t\t<\/div>\n\t\t\t\t<\/div>\n\t\t\t\t\t<\/div>\n\t\t<\/div>\n\t\t\t\t\t<\/div>\n\t\t<\/section>\n\t\t\t\t<\/div>","protected":false},"excerpt":{"rendered":"<p>H\u01af\u1edaNG D\u1eaaN N\u1ed8P H\u1ed2 S\u01a0 Y\u00caU C\u1ea6U H\u1ed2 S\u01a0 \u1ee8ng vi\u00ean chu\u1ea9n b\u1ecb m\u1ed9t b\u1ed9 h\u1ed3 s\u01a1 n\u0103ng l\u1ef1c theo y\u00eau c\u1ea7u nh\u01b0 sau: Th\u01b0 tr\u00ecnh b\u00e0y nguy\u1ec7n v\u1ecdng; Th\u01b0 gi\u1edbi thi\u1ec7u t\u1eeb \u0111\u01a1n v\u1ecb c\u0169 ho\u1eb7c th\u01b0 gi\u1edbi thi\u1ec7u t\u1eeb nh\u1eefng th\u1ea7y\/c\u00f4 h\u01b0\u1edbng d\u1eabn ho\u1eb7c nh\u1eefng chuy\u00ean gia c\u00f3 uy t\u00edn. L\u00fd l\u1ecbch khoa [&hellip;]<\/p>","protected":false},"author":1,"featured_media":8034,"parent":0,"menu_order":0,"comment_status":"closed","ping_status":"closed","template":"elementor_header_footer","meta":{"footnotes":""},"class_list":["post-8859","page","type-page","status-publish","has-post-thumbnail","hentry"],"_links":{"self":[{"href":"https:\/\/vnu350.vnuhcm.edu.vn\/en\/wp-json\/wp\/v2\/pages\/8859","targetHints":{"allow":["GET"]}}],"collection":[{"href":"https:\/\/vnu350.vnuhcm.edu.vn\/en\/wp-json\/wp\/v2\/pages"}],"about":[{"href":"https:\/\/vnu350.vnuhcm.edu.vn\/en\/wp-json\/wp\/v2\/types\/page"}],"author":[{"embeddable":true,"href":"https:\/\/vnu350.vnuhcm.edu.vn\/en\/wp-json\/wp\/v2\/users\/1"}],"replies":[{"embeddable":true,"href":"https:\/\/vnu350.vnuhcm.edu.vn\/en\/wp-json\/wp\/v2\/comments?post=8859"}],"version-history":[{"count":16,"href":"https:\/\/vnu350.vnuhcm.edu.vn\/en\/wp-json\/wp\/v2\/pages\/8859\/revisions"}],"predecessor-version":[{"id":9770,"href":"https:\/\/vnu350.vnuhcm.edu.vn\/en\/wp-json\/wp\/v2\/pages\/8859\/revisions\/9770"}],"wp:featuredmedia":[{"embeddable":true,"href":"https:\/\/vnu350.vnuhcm.edu.vn\/en\/wp-json\/wp\/v2\/media\/8034"}],"wp:attachment":[{"href":"https:\/\/vnu350.vnuhcm.edu.vn\/en\/wp-json\/wp\/v2\/media?parent=8859"}],"curies":[{"name":"wp","href":"https:\/\/api.w.org\/{rel}","templated":true}]}}