{"id":8875,"date":"2025-02-06T07:35:24","date_gmt":"2025-02-06T07:35:24","guid":{"rendered":"https:\/\/vnu350.vnuhcm.edu.vn\/?page_id=8875"},"modified":"2025-02-10T02:28:17","modified_gmt":"2025-02-10T02:28:17","slug":"gs-vo-van-toi","status":"publish","type":"page","link":"https:\/\/vnu350.vnuhcm.edu.vn\/en\/gs-vo-van-toi\/","title":{"rendered":"Prof. Vo Van Toi"},"content":{"rendered":"<div data-elementor-type=\"wp-page\" data-elementor-id=\"8875\" class=\"elementor elementor-8875\" data-elementor-post-type=\"page\">\n\t\t\t\t<div class=\"elementor-element elementor-element-c67407c e-flex e-con-boxed e-con e-parent\" data-id=\"c67407c\" data-element_type=\"container\">\n\t\t\t\t\t<div class=\"e-con-inner\">\n\t\t\t\t<div class=\"elementor-element elementor-element-27d6d59 elementor-widget elementor-widget-text-editor\" data-id=\"27d6d59\" data-element_type=\"widget\" data-widget_type=\"text-editor.default\">\n\t\t\t\t<div class=\"elementor-widget-container\">\n\t\t\t<style>\/*! elementor - v3.21.0 - 08-05-2024 *\/\n.elementor-widget-text-editor.elementor-drop-cap-view-stacked .elementor-drop-cap{background-color:#69727d;color:#fff}.elementor-widget-text-editor.elementor-drop-cap-view-framed .elementor-drop-cap{color:#69727d;border:3px solid;background-color:transparent}.elementor-widget-text-editor:not(.elementor-drop-cap-view-default) .elementor-drop-cap{margin-top:8px}.elementor-widget-text-editor:not(.elementor-drop-cap-view-default) .elementor-drop-cap-letter{width:1em;height:1em}.elementor-widget-text-editor .elementor-drop-cap{float:left;text-align:center;line-height:1;font-size:50px}.elementor-widget-text-editor .elementor-drop-cap-letter{display:inline-block}<\/style>\t\t\t\t<p style=\"text-align: center;\"><span style=\"font-family: Arial,Helvetica,sans-serif;\"><span style=\"font-size: 20px;\"><strong>MAKING BIOMEDICAL ENGINEERING \"FAMILIAR\" TO VIETNAM<\/strong><\/span><\/span><\/p><p><em><b>Prof. Vo Van Toi, former head of Biomedical Engineering department at VNUHCM-International University, is known as the pioneer who established the first program in biomedical engineering in Vietnam.<\/b><\/em><\/p><p><img fetchpriority=\"high\" decoding=\"async\" class=\"aligncenter wp-image-8226 size-full\" src=\"https:\/\/vnu350.vnuhcm.edu.vn\/wp-content\/uploads\/2024\/02\/THA\u0302\u0300Y-TO\u031b\u0301I.jpg\" alt=\"\" width=\"1920\" height=\"1210\" srcset=\"https:\/\/vnu350.vnuhcm.edu.vn\/wp-content\/uploads\/2024\/02\/THA\u0302\u0300Y-TO\u031b\u0301I.jpg 1920w, https:\/\/vnu350.vnuhcm.edu.vn\/wp-content\/uploads\/2024\/02\/THA\u0302\u0300Y-TO\u031b\u0301I-300x189.jpg 300w, https:\/\/vnu350.vnuhcm.edu.vn\/wp-content\/uploads\/2024\/02\/THA\u0302\u0300Y-TO\u031b\u0301I-1024x645.jpg 1024w, https:\/\/vnu350.vnuhcm.edu.vn\/wp-content\/uploads\/2024\/02\/THA\u0302\u0300Y-TO\u031b\u0301I-768x484.jpg 768w, https:\/\/vnu350.vnuhcm.edu.vn\/wp-content\/uploads\/2024\/02\/THA\u0302\u0300Y-TO\u031b\u0301I-1536x968.jpg 1536w, https:\/\/vnu350.vnuhcm.edu.vn\/wp-content\/uploads\/2024\/02\/THA\u0302\u0300Y-TO\u031b\u0301I-18x12.jpg 18w, https:\/\/vnu350.vnuhcm.edu.vn\/wp-content\/uploads\/2024\/02\/THA\u0302\u0300Y-TO\u031b\u0301I-600x378.jpg 600w\" sizes=\"(max-width: 1920px) 100vw, 1920px\" \/><\/p><p>Precisely 10 years after his return to work in Vietnam, sharing with Tuoi Tre newspaper, Professor Vo Van Toi said: \"Before I returned to the country, the field of biomedical engineering was almost unknown. But now its name has become familiar in society. Many universities have also opened this major, and the international academic community is also aware of Vietnam's biomedical engineering.\"<\/p><p><strong>RETURNING TO THE COUNTRY BECAUSE OF \"VIETNAMESE STUDENTS WERE FAILING\"<\/strong><\/p><p><em>*Once selected by U.S. President G. Bush as the Executive Director of the Vietnam Education Foundation (VEF) in 2007, why did you unexpectedly decide to return to the country in 2009 and join VNUHCM-International University?<\/em><\/p><p class=\" translation-block\">\u2013 Professor Vo Van Toi: One of VEF's initiatives is to send students to study abroad at prestigious U.S. universities. That's a good thing, but more importantly for me is how to bring talented individuals back to contribute to building our country. While not many people return, and many who do return end up leaving again. Therefore, I wanted to experience it myself to understand.<\/p><p class=\"\">Before returning, thanks to frequent travels to Vietnam and interactions with many people in the academic community, I learned a lot about Vietnamese youth and the working environment. I noticed many challenges but also many opportunities for success or at least opportunities to pursue the dreams I had cherished.<\/p><p class=\"\">My motto is \"adapt to circumstances\" and \"whatever happens, it's okay.\" And I chose International University as my \"destination.\" Since then, for me, every passing day is a happy day.<\/p><p><em>*You founded the biomedical engineering program at Tufts University (USA) and have been honored many times in the U.S. with a series of biomedical inventions. Why do you want to bring this new field to Vietnam?<\/em><\/p><p class=\"\">\u2013 Before returning to the country in 2004, I led a delegation of professors in biomedical engineering from the United States from North to South to explore the potential development of this field in Vietnam. Biomedical engineering was still relatively new abroad at that time but was developing strongly and had a lot of potential.<\/p><p class=\"\">We discovered that in Vietnam, there are many activities related to biomedical engineering, but they have not been systematized and popularized. On the other hand, I realized that this is a field that meets many urgent needs as well as the future of our country. After this trip, our delegation proposed a five-year plan to help develop biomedical engineering in Vietnam.<\/p><p><em>*How did you bring biomedical engineering to Vietnam?<\/em><\/p><p class=\"\">\u2013 First, I brought four students to Tufts University, where I was teaching, to train them in the Ph.D. program with the hope that they would become pioneers in biomedical engineering in Vietnam. However, these students were subsequently removed from the program one by one because they did not meet the requirements for scientific research. This surprised me because other Vietnamese students were very successful in many other scientific and technical fields.<\/p><p class=\"\">I believe perhaps the mindset of these students in this field does not align with the mindset of students trained in Vietnam. This is also one of the reasons that drove me back to Vietnam.<\/p><p class=\"\">Currently, many of our graduates have been very successful with postgraduate scholarships in this field from many universities worldwide, including Tufts University. This shows that our youth, when properly prepared, can achieve anything they want. I hope they will return to continue the path that we have set together.<\/p><p class=\"\">In addition, our young lecturers and students have won many prestigious international awards. This demonstrates that Vietnamese youth are a powerful force helping us stand shoulder to shoulder with friends from around the world in the spirit of international integration.<\/p><p><strong>UNIVERSITY SHOULD BE AN INCUBATOR FOR CREATIVE IDEAS<\/strong><\/p><p><em>*Working in the university environment in Vietnam, what differences do you see compared to other countries? You have said that educators must anticipate what will happen to create demand. Has Vietnamese education achieved this?<\/em><\/p><p>\u2013 The academic environment should be an incubator for creative ideas and a training ground for talent. Therefore, universities need academic freedom to experiment with new ideas. In foreign universities that I know of, the institutions determine their own development direction, and lecturers have a lot of authority to implement initiatives ranging from creating new majors to research, and management primarily serves rather than commands. When these initiatives succeed, they will automatically be extended beyond the scope of the university.<\/p><p><em>*In the past 10 years, besides teaching, you and your colleagues have researched a series of products. It is known that you will soon bring these academic research products to the market. Is this a separate way out for scientific research at universities?<\/em><\/p><p class=\"\">\u2013 I call bringing academic research products to the market \"Ng\u01b0\u1eddi th\u1ea7u kho\u00e1n\" - \"entrepreneurship.\" In the scientific environment, ideal entrepreneurs are those who can turn scientific discoveries at the laboratory into products in the market.<\/p><p class=\"\">Similar to entrepreneurs, those who engage in entrepreneurship need scientific and technical knowledge as well as research market methods, establish startups, and have organizational and business skills.<\/p><p class=\"\">The vision of International University's biomedical engineering department from its inception is the combination of education, research, and entrepreneurship. Education to train personnel, research to develop knowledge, and entrepreneurship for self-reliance. These three factors support each other and blur the boundaries between basic and applied fields.<\/p><p><strong>Source: Tuoitre Newspaper<\/strong><\/p><p>Original article: https:\/\/tuoitre.vn\/gs-vo-van-toi-ve-nuoc-vi-sinh-vien-viet-nam-that-bai-20190514003212027.htm<\/p>\t\t\t\t\t\t<\/div>\n\t\t\t\t<\/div>\n\t\t\t\t\t<\/div>\n\t\t\t\t<\/div>\n\t\t\t\t<\/div>","protected":false},"excerpt":{"rendered":"<p>NG\u01af\u1edcI KHI\u1ebeN K\u1ef8 THU\u1eacT Y SINH &#8220;XA L\u1ea0&#8221; TR\u1ede N\u00caN TH\u00c2N THU\u1ed8C GS V\u00f5 V\u0103n T\u1edbi, nguy\u00ean tr\u01b0\u1edfng b\u1ed9 m\u00f4n\u00a0k\u1ef9 thu\u1eadt y sinh\u00a0Tr\u01b0\u1eddng \u0110H Qu\u1ed1c t\u1ebf (\u0110H Qu\u1ed1c gia TP.HCM), \u0111\u01b0\u1ee3c bi\u1ebft \u0111\u1ebfn l\u00e0 ng\u01b0\u1eddi \u0111\u1ea7u ti\u00ean \u0111\u01b0a l\u0129nh v\u1ef1c k\u1ef9 thu\u1eadt y sinh v\u1ec1 Vi\u1ec7t Nam. Sau \u0111\u00fang 10 n\u0103m tr\u1edf v\u1ec1 Vi\u1ec7t Nam [&hellip;]<\/p>","protected":false},"author":1,"featured_media":0,"parent":0,"menu_order":0,"comment_status":"closed","ping_status":"closed","template":"elementor_header_footer","meta":{"footnotes":""},"class_list":["post-8875","page","type-page","status-publish","hentry"],"_links":{"self":[{"href":"https:\/\/vnu350.vnuhcm.edu.vn\/en\/wp-json\/wp\/v2\/pages\/8875","targetHints":{"allow":["GET"]}}],"collection":[{"href":"https:\/\/vnu350.vnuhcm.edu.vn\/en\/wp-json\/wp\/v2\/pages"}],"about":[{"href":"https:\/\/vnu350.vnuhcm.edu.vn\/en\/wp-json\/wp\/v2\/types\/page"}],"author":[{"embeddable":true,"href":"https:\/\/vnu350.vnuhcm.edu.vn\/en\/wp-json\/wp\/v2\/users\/1"}],"replies":[{"embeddable":true,"href":"https:\/\/vnu350.vnuhcm.edu.vn\/en\/wp-json\/wp\/v2\/comments?post=8875"}],"version-history":[{"count":7,"href":"https:\/\/vnu350.vnuhcm.edu.vn\/en\/wp-json\/wp\/v2\/pages\/8875\/revisions"}],"predecessor-version":[{"id":9031,"href":"https:\/\/vnu350.vnuhcm.edu.vn\/en\/wp-json\/wp\/v2\/pages\/8875\/revisions\/9031"}],"wp:attachment":[{"href":"https:\/\/vnu350.vnuhcm.edu.vn\/en\/wp-json\/wp\/v2\/media?parent=8875"}],"curies":[{"name":"wp","href":"https:\/\/api.w.org\/{rel}","templated":true}]}}