{"id":8880,"date":"2025-02-06T07:37:01","date_gmt":"2025-02-06T07:37:01","guid":{"rendered":"https:\/\/vnu350.vnuhcm.edu.vn\/?page_id=8880"},"modified":"2025-02-10T02:31:20","modified_gmt":"2025-02-10T02:31:20","slug":"pgs-ts-nguyen-thi-thu-hoai","status":"publish","type":"page","link":"https:\/\/vnu350.vnuhcm.edu.vn\/en\/pgs-ts-nguyen-thi-thu-hoai\/","title":{"rendered":"Assoc. Prof. Dr. Nguyen Thi Thu Hoai"},"content":{"rendered":"<div data-elementor-type=\"wp-page\" data-elementor-id=\"8880\" class=\"elementor elementor-8880\" data-elementor-post-type=\"page\">\n\t\t\t\t<div class=\"elementor-element elementor-element-3b61837 e-flex e-con-boxed e-con e-parent\" data-id=\"3b61837\" data-element_type=\"container\">\n\t\t\t\t\t<div class=\"e-con-inner\">\n\t\t\t\t<div class=\"elementor-element elementor-element-e637ff6 elementor-widget elementor-widget-text-editor\" data-id=\"e637ff6\" data-element_type=\"widget\" data-widget_type=\"text-editor.default\">\n\t\t\t\t<div class=\"elementor-widget-container\">\n\t\t\t<style>\/*! elementor - v3.21.0 - 08-05-2024 *\/\n.elementor-widget-text-editor.elementor-drop-cap-view-stacked .elementor-drop-cap{background-color:#69727d;color:#fff}.elementor-widget-text-editor.elementor-drop-cap-view-framed .elementor-drop-cap{color:#69727d;border:3px solid;background-color:transparent}.elementor-widget-text-editor:not(.elementor-drop-cap-view-default) .elementor-drop-cap{margin-top:8px}.elementor-widget-text-editor:not(.elementor-drop-cap-view-default) .elementor-drop-cap-letter{width:1em;height:1em}.elementor-widget-text-editor .elementor-drop-cap{float:left;text-align:center;line-height:1;font-size:50px}.elementor-widget-text-editor .elementor-drop-cap-letter{display:inline-block}<\/style>\t\t\t\t<p style=\"text-align: center;\"><span style=\"font-family: Arial,Helvetica,sans-serif;\"><span style=\"font-size: 20px;\"><strong>VIETNAM - THE NUMBER ONE CHOICE<\/strong><\/span><\/span><\/p><p class=\"detail-sapo\" data-role=\"sapo\"><strong><em>Despite being offered may opportunities to work abroad, Associate Professor Dr. Nguyen Thi Thu Hoai has never thought of not returning to Vietnam.<\/em><\/strong><\/p><p data-role=\"sapo\">As the recipient of the L'Or\u00e9al - UNESCO Women in Science Award in 2023, her choice has always been Vietnam. \"Everyone has their own path, but my direction is to bring back what I have learned to serve the country,\" affirmed Associate Professor Dr. Nguyen Thi Thu Hoai.<\/p><p data-role=\"text-align:center\"><img fetchpriority=\"high\" decoding=\"async\" class=\"alignnone size-full wp-image-8257\" src=\"https:\/\/vnu350.vnuhcm.edu.vn\/wp-content\/uploads\/2024\/02\/co-hoai.jpg\" alt=\"\" width=\"2362\" height=\"1329\" srcset=\"https:\/\/vnu350.vnuhcm.edu.vn\/wp-content\/uploads\/2024\/02\/co-hoai.jpg 2362w, https:\/\/vnu350.vnuhcm.edu.vn\/wp-content\/uploads\/2024\/02\/co-hoai-300x169.jpg 300w, https:\/\/vnu350.vnuhcm.edu.vn\/wp-content\/uploads\/2024\/02\/co-hoai-1024x576.jpg 1024w, https:\/\/vnu350.vnuhcm.edu.vn\/wp-content\/uploads\/2024\/02\/co-hoai-768x432.jpg 768w, https:\/\/vnu350.vnuhcm.edu.vn\/wp-content\/uploads\/2024\/02\/co-hoai-1536x864.jpg 1536w, https:\/\/vnu350.vnuhcm.edu.vn\/wp-content\/uploads\/2024\/02\/co-hoai-2048x1152.jpg 2048w, https:\/\/vnu350.vnuhcm.edu.vn\/wp-content\/uploads\/2024\/02\/co-hoai-18x10.jpg 18w, https:\/\/vnu350.vnuhcm.edu.vn\/wp-content\/uploads\/2024\/02\/co-hoai-600x338.jpg 600w\" sizes=\"(max-width: 2362px) 100vw, 2362px\" \/><\/p><p style=\"text-align: center;\"><em>Associate Professor Dr. Nguyen Thi Thu Hoai (sitting) just won the L'Or\u00e9al - UNESCO Women in Science Award in 2023.<\/em><\/p><p>Ph\u00f3 Gi\u00e1m \u0111\u1ed1c Trung t\u00e2m Nghi\u00ean c\u1ee9u b\u1ec7nh truy\u1ec1n nhi\u1ec5m &#8211; Tr\u01b0\u1eddng \u0110H Qu\u1ed1c t\u1ebf (\u0110HQG TP HCM) th\u1eeba nh\u1eadn ch\u1ecb \u0111am m\u00ea sinh h\u1ecdc t\u1eeb nh\u1ecf. S\u1ef1 k\u1ef3 di\u1ec7u trong suy ngh\u0129 c\u1ee7a con ng\u01b0\u1eddi \u0111\u00e3 kh\u00f4ng ng\u1eebng cu\u1ed1n h\u00fat ch\u1ecb. TS Thu Ho\u00e0i b\u00e0y t\u1ecf: &#8220;T\u00f4i mu\u1ed1n \u0111i t\u00ecm c\u00e2u tr\u1ea3 l\u1eddi t\u1ea1i sao con ng\u01b0\u1eddi suy ngh\u0129, t\u00ednh to\u00e1n \u0111\u01b0\u1ee3c m\u00e0 sinh v\u1eadt kh\u00e1c l\u1ea1i kh\u00f4ng&#8221;.<\/p><p>Nh\u00e0 khoa h\u1ecdc sinh n\u0103m 1981 cho hay t\u1eeb b\u00e9 ch\u1ecb \u0111\u00e3 m\u01a1 l\u00e0m b\u00e1c s\u0129 ngo\u1ea1i th\u1ea7n kinh d\u00f9 gia \u0111\u00ecnh kh\u00f4ng ai theo ng\u00e0nh y. L\u00ean c\u1ea5p 3, ch\u1ecb ch\u1ecdn l\u1edbp chuy\u00ean sinh Tr\u01b0\u1eddng THPT chuy\u00ean Nguy\u1ec5n Tr\u00e3i, t\u1ec9nh H\u1ea3i D\u01b0\u01a1ng.<\/p><p>N\u0103m l\u1edbp 11, Thu Ho\u00e0i \u0111o\u1ea1t gi\u1ea3i ba h\u1ecdc sinh gi\u1ecfi qu\u1ed1c gia l\u1edbp 12. N\u0103m sau, ch\u1ecb nh\u1eadn gi\u1ea3i nh\u00ec qu\u1ed1c gia v\u00e0 l\u00e0 1 trong 4 h\u1ecdc sinh d\u1ef1 thi Olympic sinh h\u1ecdc qu\u1ed1c t\u1ebf t\u1ea1i Th\u1ee5y \u0110i\u1ec3n. V\u1edbi b\u1eb1ng khen c\u1ee7a ban t\u1ed5 ch\u1ee9c k\u1ef3 thi \u0111\u1ea7y c\u1ea1nh tranh n\u00e0y, ch\u1ecb \u0111\u01b0\u1ee3c tuy\u1ec3n th\u1eb3ng v\u00e0o ch\u01b0\u01a1ng tr\u00ecnh c\u1eed nh\u00e2n khoa h\u1ecdc t\u00e0i n\u0103ng Tr\u01b0\u1eddng \u0110H Khoa h\u1ecdc T\u1ef1 nhi\u00ean &#8211; \u0110HQG H\u00e0 N\u1ed9i.<\/p><p>&#8220;T\u00f4i t\u1eebng m\u01a1 l\u00e0m b\u00e1c s\u0129 ngo\u1ea1i th\u1ea7n kinh nh\u01b0ng khi h\u1ecdc \u0111\u1ea1i h\u1ecdc th\u00ec l\u1ea1i b\u1ecb mi\u1ec5n d\u1ecbch h\u1ecdc m\u00ea ho\u1eb7c&#8221; &#8211; Thu Ho\u00e0i th\u1ed5 l\u1ed9 &#8211; &#8220;T\u00f4i ch\u1ecdn h\u00f3a sinh v\u00ec chuy\u00ean ng\u00e0nh n\u00e0y c\u00f3 t\u00ednh \u1ee9ng d\u1ee5ng cao, h\u01a1n n\u1eefa l\u00e0 do y\u00eau th\u00edch m\u00f4n mi\u1ec5n d\u1ecbch h\u1ecdc&#8221;.<\/p><p>T\u1ed1t nghi\u1ec7p \u0110HQG H\u00e0 N\u1ed9i, Thu Ho\u00e0i sang \u0110\u1ee9c h\u1ecdc ti\u1ebfn s\u0129 t\u1ea1i Khoa Y &#8211; \u0110H Greifswald. N\u0103m n\u0103m sau, v\u1edbi \u0111\u1ec1 t\u00e0i &#8220;\u0110\u00e1p \u1ee9ng kh\u00e1ng th\u1ec3 v\u1edbi s\u1ef1 g\u00e2y nhi\u1ec5m nh\u00e2n t\u1ea1o t\u1ee5 c\u1ea7u v\u00e0ng&#8221;, ch\u1ecb nh\u1eadn b\u1eb1ng ti\u1ebfn s\u0129 \u1edf tu\u1ed5i 27.<\/p><p>Thu Ho\u00e0i th\u1eeba nh\u1eadn con \u0111\u01b0\u1eddng nghi\u00ean c\u1ee9u khoa h\u1ecdc c\u1ee7a ch\u1ecb g\u1eb7p kh\u00f4ng \u00edt may m\u1eafn v\u00e0 thu\u1eadn l\u1ee3i, m\u1edf ra nhi\u1ec1u c\u01a1 h\u1ed9i l\u00e0m vi\u1ec7c \u1edf c\u00e1c n\u01b0\u1edbc ph\u00e1t tri\u1ec3n. Tuy nhi\u00ean, ch\u1ecb kh\u1eb3ng \u0111\u1ecbnh ch\u01b0a bao gi\u1edd c\u00f3 \u00fd ngh\u0129 \u1edf l\u1ea1i \u0110\u1ee9c hay b\u1ea5t k\u1ef3 qu\u1ed1c gia n\u00e0o kh\u00e1c m\u00e0 lu\u00f4n mu\u1ed1n quay v\u1ec1 Vi\u1ec7t Nam l\u00e0m vi\u1ec7c v\u00e0 c\u1ed1ng hi\u1ebfn.<\/p><p>T\u1eeb \u0110\u1ee9c v\u1ec1, Thu Ho\u00e0i quay l\u1ea1i ph\u00f2ng th\u00ed nghi\u1ec7m y sinh c\u1ee7a Tr\u01b0\u1eddng \u0110H Khoa h\u1ecdc T\u1ef1 nhi\u00ean H\u00e0 N\u1ed9i. Sau \u0111\u00f3, ch\u1ecb t\u1edbi Vi\u1ec7n S\u1ee9c kh\u1ecfe \u0110\u00e0i Loan &#8211; Trung Qu\u1ed1c h\u1ecdc h\u1ecfi m\u1ed9t th\u1eddi gian r\u1ed3i \u0111\u1ebfn B\u1ec9 2 n\u0103m ti\u1ebfp t\u1ee5c nghi\u00ean c\u1ee9u chuy\u00ean s\u00e2u.<\/p><p>N\u0103m 2011, Thu Ho\u00e0i quy\u1ebft \u0111\u1ecbnh d\u1eebng ch\u00e2n \u1edf Khoa C\u00f4ng ngh\u1ec7 sinh h\u1ecdc &#8211; Tr\u01b0\u1eddng \u0110H Qu\u1ed1c t\u1ebf (\u0110HQG TP HCM). Hi\u1ec7n ch\u1ecb l\u00e0 tr\u01b0\u1edfng nh\u00f3m nghi\u00ean c\u1ee9u vi sinh y h\u1ecdc c\u1ee7a khoa. H\u01b0\u1edbng nghi\u00ean c\u1ee9u c\u1ee7a ch\u1ecb l\u00e0 v\u1ec1 c\u01a1 ch\u1ebf kh\u00e1ng thu\u1ed1c, \u0111\u1ed9c l\u1ef1c vi khu\u1ea9n; h\u1ee3p ch\u1ea5t kh\u00e1ng khu\u1ea9n; ung th\u01b0 v\u00e0 h\u1ec7 mi\u1ec5n d\u1ecbch.<\/p><p>Thu Ho\u00e0i nh\u1edb l\u1ea1i: &#8220;L\u00fac \u0111\u1ea7u, t\u00f4i ch\u1ec9 \u0111\u1ecbnh v\u00e0o TP HCM m\u1ed9t th\u1eddi gian cho bi\u1ebft nh\u01b0ng r\u1ed3i th\u1ea5y r\u1ea5t th\u00edch v\u00ec th\u1eddi ti\u1ebft d\u1ec5 ch\u1ecbu, con ng\u01b0\u1eddi c\u1edfi m\u1edf. \u1ede \u0111\u00f3, t\u00f4i c\u00f3 \u0111\u1ed3ng nghi\u1ec7p gi\u1ecfi giang, th\u00e2n thi\u1ec7n; c\u00f3 m\u00f4i tr\u01b0\u1eddng l\u00e0m vi\u1ec7c tuy\u1ec7t v\u1eddi v\u00e0 l\u01b0\u01a1ng t\u1ed1t, d\u00f9 \u0111i\u1ec1u ki\u1ec7n nghi\u00ean c\u1ee9u ch\u01b0a \u0111\u01b0\u1ee3c thu\u1eadn l\u1ee3i do kh\u00f3 kh\u0103n chung&#8221;.<\/p><p>Theo Thu Ho\u00e0i, trong \u0111i\u1ec1u ki\u1ec7n hi\u1ec7n nay, mu\u1ed1n nghi\u00ean c\u1ee9u \u0111\u1ec9nh cao c\u0169ng kh\u00f4ng d\u1ec5 v\u00ec c\u00f2n thi\u1ebfu c\u00f4ng ngh\u1ec7. \u0110\u1ebfn gi\u1edd, ch\u1ecb v\u1eabn ch\u01b0a c\u00f3 ph\u00f2ng th\u00ed nghi\u1ec7m ri\u00eang, ph\u1ea3i s\u1eed d\u1ee5ng ph\u00f2ng th\u00ed nghi\u1ec7m chung. Ch\u1ecb cho bi\u1ebft: &#8220;T\u00f4i ph\u1ea3i kh\u1eafc ph\u1ee5c b\u1eb1ng c\u00e1ch nh\u1edd v\u1ea3, \u0111i n\u01b0\u1edbc ngo\u00e0i l\u00e0m th\u00ed nghi\u1ec7m. M\u1ed7i n\u0103m, t\u00f4i s\u1ed1ng v\u00e0i tu\u1ea7n \u1edf n\u01b0\u1edbc ngo\u00e0i \u0111\u1ec3 th\u1ef1c hi\u1ec7n c\u00e1c nghi\u00ean c\u1ee9u c\u1ee7a m\u00ecnh. R\u1ea5t may l\u00e0 nh\u00e0 tr\u01b0\u1eddng t\u1ea1o \u0111i\u1ec1u ki\u1ec7n, h\u1ed7 tr\u1ee3 ch\u00fang t\u00f4i r\u1ea5t nhi\u1ec1u&#8221;.<\/p><p>15 n\u0103m theo \u0111u\u1ed5i nghi\u00ean c\u1ee9u h\u1ec7 protein (proteomics) v\u00e0 kh\u00e1ng thu\u1ed1c, PGS-TS Nguy\u1ec5n Th\u1ecb Thu Ho\u00e0i v\u1eeba \u0111\u01b0\u1ee3c trao gi\u1ea3i th\u01b0\u1edfng L&#8217;Or\u00e9al &#8211; UNESCO V\u00ec s\u1ef1 ph\u00e1t tri\u1ec3n ph\u1ee5 n\u1eef trong khoa h\u1ecdc n\u0103m 2023.<\/p><p>Nghi\u00ean c\u1ee9u c\u1ee7a Thu Ho\u00e0i th\u1eddi gian qua h\u01b0\u1edbng \u0111\u1ebfn vi\u1ec7c ph\u00e1t tri\u1ec3n nh\u1eefng x\u00e9t nghi\u1ec7m m\u1edbi \u0111\u1ec3 ph\u00e1t hi\u1ec7n nhanh s\u1ef1 hi\u1ec7n di\u1ec7n c\u1ee7a c\u00e1c gien kh\u00e1ng kh\u00e1ng sinh ngay tr\u00ean m\u1eabu l\u00e2m s\u00e0ng, h\u1ed7 tr\u1ee3 t\u1ed1t h\u01a1n cho y &#8211; b\u00e1c s\u0129 trong ch\u1ea9n \u0111o\u00e1n kh\u00e1ng thu\u1ed1c, \u0111\u00f3ng g\u00f3p quan tr\u1ecdng v\u00e0o vi\u1ec7c b\u1ea3o v\u1ec7 s\u1ee9c kh\u1ecfe c\u1ed9ng \u0111\u1ed3ng.<\/p><p>Kh\u00e1ng kh\u00e1ng sinh hi\u1ec7n \u0111\u01b0\u1ee3c xem l\u00e0 v\u1ea5n \u0111\u1ec1 y t\u1ebf nghi\u00eam tr\u1ecdng. N\u1ebfu kh\u00f4ng c\u00f3 s\u1ef1 can thi\u1ec7p hi\u1ec7u qu\u1ea3 th\u00ec \u01b0\u1edbc t\u00ednh \u0111\u1ebfn n\u0103m 2050, kh\u00e1ng kh\u00e1ng sinh s\u1ebd g\u00e2y ra 10 tri\u1ec7u ca t\u1eed vong m\u1ed7i n\u0103m.<\/p><p>Theo Thu Ho\u00e0i, m\u1ed9t trong nh\u1eefng gi\u1ea3i ph\u00e1p gi\u00fap k\u00e9o gi\u1ea3m kh\u00e1ng kh\u00e1ng sinh l\u00e0 ph\u00e1t tri\u1ec3n c\u00e1c ph\u01b0\u01a1ng ph\u00e1p ch\u1ea9n \u0111o\u00e1n nhanh, k\u1ecbp th\u1eddi, ch\u00ednh x\u00e1c t\u00ecnh tr\u1ea1ng n\u00e0y \u0111\u1ec3 h\u1ed7 tr\u1ee3 vi\u1ec7c \u0111\u01b0a ra ph\u00e1c \u0111\u1ed3 \u0111i\u1ec1u tr\u1ecb hi\u1ec7u qu\u1ea3. Ngo\u00e0i ra, c\u1ea7n c\u00f3 bi\u1ec7n ph\u00e1p c\u00e1ch ly, gi\u1ea3m l\u00e2y lan c\u00e1c ch\u1ee7ng \u0111a kh\u00e1ng, to\u00e0n kh\u00e1ng.<\/p><p>Nghi\u00ean c\u1ee9u \u0111o\u1ea1t gi\u1ea3i th\u01b0\u1edfng L&#8217;Or\u00e9al &#8211; UNESCO c\u1ee7a Thu Ho\u00e0i l\u00e0 &#8220;Ph\u00e1t tri\u1ec3n quy tr\u00ecnh ph\u00e1t hi\u1ec7n gien kh\u00e1ng kh\u00e1ng sinh (ARG) c\u1ee7a tr\u1ef1c khu\u1ea9n m\u1ee7 xanh Pseudomonas aeruginosa (P.a) tr\u1ef1c ti\u1ebfp t\u1eeb c\u00e1c m\u1eabu l\u00e2m s\u00e0ng b\u1eb1ng k\u1ef9 thu\u1eadt PCR gi\u1ecdt k\u1ef9 thu\u1eadt s\u1ed1&#8221;. P.a l\u00e0 lo\u1ea1i vi khu\u1ea9n g\u00e2y ra nhi\u1ec1u b\u1ec7nh nhi\u1ec5m tr\u00f9ng. Trong m\u1ed9t s\u1ed1 b\u00e1o c\u00e1o, n\u00f3 l\u00e0 nguy\u00ean nh\u00e2n s\u1ed1 1 g\u00e2y ra vi\u00eam ph\u1ed5i v\u00e0 suy h\u00f4 h\u1ea5p.<\/p><p>P.a c\u00f2n l\u00e0 1 trong 6 nh\u00f3m\/lo\u00e0i trong danh s\u00e1ch ESKAPE c\u1ee7a T\u1ed5 ch\u1ee9c Y t\u1ebf th\u1ebf gi\u1edbi (WHO) c\u00f3 th\u1ec3 \u0111e d\u1ecda nghi\u00eam tr\u1ecdng s\u1ee9c kh\u1ecfe c\u1ed9ng \u0111\u1ed3ng do kh\u1ea3 n\u0103ng \u0111a kh\u00e1ng thu\u1ed1c. Kh\u1ea3 n\u0103ng n\u00e0y \u0111\u1ebfn t\u1eeb nhi\u1ec1u gien kh\u00e1c nhau, trong \u0111\u00f3 m\u1ed9t s\u1ed1 c\u00f3 t\u00ednh quy\u1ebft \u0111\u1ecbnh n\u1ed5i tr\u1ed9i t\u1edbi vi\u1ec7c kh\u00e1ng nh\u1eefng lo\u1ea1i thu\u1ed1c quan tr\u1ecdng trong \u0111i\u1ec1u tr\u1ecb.<\/p><p>Nghi\u00ean c\u1ee9u c\u1ee7a Thu Ho\u00e0i \u00e1p d\u1ee5ng PCR gi\u1ecdt k\u1ef9 thu\u1eadt s\u1ed1, l\u00e0 c\u00f4ng ngh\u1ec7 khu\u1ebfch \u0111\u1ea1i ax\u00edt nucleic m\u1edbi \u0111\u01b0\u1ee3c ph\u00e1t tri\u1ec3n. \u0110\u00e2y l\u00e0 c\u00f4ng ngh\u1ec7 c\u00f3 \u0111\u1ed9 nh\u1ea1y, ch\u00ednh x\u00e1c, t\u00e1i l\u1eadp cao; c\u00f3 kh\u1ea3 n\u0103ng \u0111\u1ecbnh l\u01b0\u1ee3ng ngay c\u1ea3 \u1edf n\u1ed3ng \u0111\u1ed9 r\u1ea5t th\u1ea5p v\u00e0 ho\u1ea1t \u0111\u1ed9ng t\u1ed1t v\u1edbi c\u00e1c m\u1eabu b\u1ec7nh ph\u1ea9m. V\u00ec l\u00e0 c\u00f4ng ngh\u1ec7 m\u1edbi, do ch\u01b0a c\u00f3 kinh ph\u00ed mua m\u00e1y m\u00f3c n\u00ean ch\u1ecb d\u00f9ng ngu\u1ed3n l\u1ef1c \u0111\u1ed1i t\u00e1c \u0111\u1ec3 th\u1ef1c hi\u1ec7n nghi\u00ean c\u1ee9u.<\/p><p>Quy tr\u00ecnh v\u00e0 ph\u01b0\u01a1ng th\u1ee9c ch\u1ea9n \u0111o\u00e1n kh\u00e1ng thu\u1ed1c \u0111\u00e3 \u0111\u01b0\u1ee3c Thu Ho\u00e0i nghi\u00ean c\u1ee9u t\u1eeb khi sang Tr\u01b0\u1eddng \u0110H C\u00f4ng gi\u00e1o Louvain &#8211; B\u1ec9 h\u1ecdc h\u1ecfi n\u0103m 2010. Sau n\u00e0y, ch\u1ecb ti\u1ebfp t\u1ee5c nghi\u00ean c\u1ee9u v\u1ec1 c\u01a1 ch\u1ebf kh\u00e1ng thu\u1ed1c t\u1ea1i Vi\u1ec7n S\u1ee9c kh\u1ecfe qu\u1ed1c gia M\u1ef9 v\u00e0o n\u0103m 2020. M\u1ed7i n\u0103m, ch\u1ecb \u0111\u1ec1u c\u1ed1 g\u1eafng d\u00e0nh th\u1eddi gian t\u00ecm t\u00f2i, h\u1ecdc h\u1ecfi t\u1ea1i c\u00e1c n\u01b0\u1edbc ph\u00e1t tri\u1ec3n \u0111\u1ec3 ho\u00e0n thi\u1ec7n nghi\u00ean c\u1ee9u v\u00e0 b\u1eaft k\u1ecbp c\u00f4ng ngh\u1ec7.<\/p><p>\u0110\u1ec1 c\u1eadp v\u1ec1 h\u01b0\u1edbng nghi\u00ean c\u1ee9u trong t\u01b0\u01a1ng lai, Thu Ho\u00e0i k\u1ef3 v\u1ecdng ngo\u00e0i vi\u1ec7c \u1ee9ng d\u1ee5ng, ch\u1ecb c\u00f2n c\u00f3 th\u1ec3 ph\u1ed1i h\u1ee3p v\u1edbi c\u00e1c \u0111\u1ed1i t\u00e1c \u0111\u1ec3 c\u1ea3i ti\u1ebfn, th\u1eadm ch\u00ed x\u00e2y d\u1ef1ng \u0111\u01b0\u1ee3c c\u00f4ng ngh\u1ec7 m\u1edbi. &#8220;K\u1ebf ho\u1ea1ch ng\u1eafn h\u1ea1n l\u00e0 ti\u1ebfp t\u1ee5c nh\u1eefng nghi\u00ean c\u1ee9u c\u01a1 b\u1ea3n nh\u01b0 t\u00f4i v\u1eabn l\u00e0m, \u0111\u1ed3ng th\u1eddi ti\u1ebfn h\u00e0nh song song c\u00e1c nghi\u00ean c\u1ee9u \u1ee9ng d\u1ee5ng. B\u1edfi l\u1ebd, \u1ee9ng d\u1ee5ng \u0111\u01b0\u1ee3c k\u1ebft qu\u1ea3 khoa h\u1ecdc v\u00e0o cu\u1ed9c s\u1ed1ng ch\u00ednh l\u00e0 \u0111\u00edch t\u1edbi c\u1ee7a m\u1ecdi nh\u00e0 khoa h\u1ecdc&#8221; &#8211; ch\u1ecb nh\u1ea5n m\u1ea1nh.<\/p><p><strong>Ngu\u1ed3n: B\u00e1o Ng\u01b0\u1eddi Lao \u0111\u1ed9ng<\/strong><\/p><p>Link b\u00e0i g\u1ed1c: https:\/\/nld.com.vn\/viet-nam-lua-chon-so-1-196240206095500521.htm?fbclid=IwAR0BiSp-3H0qY6c_VKFzaeafD66lRyc7EJaKz9iLXrmnFSZaQzTFGXi-uKk<\/p>\t\t\t\t\t\t<\/div>\n\t\t\t\t<\/div>\n\t\t\t\t\t<\/div>\n\t\t\t\t<\/div>\n\t\t\t\t<\/div>","protected":false},"excerpt":{"rendered":"<p>VI\u1ec6T NAM &#8211; L\u1ef0A CH\u1eccN S\u1ed0 1 D\u00f9 con \u0111\u01b0\u1eddng nghi\u00ean c\u1ee9u khoa h\u1ecdc \u1edf n\u01b0\u1edbc ngo\u00e0i r\u1ea5t thu\u1eadn l\u1ee3i song PGS-TS Nguy\u1ec5n Th\u1ecb Thu Ho\u00e0i ch\u01b0a bao gi\u1edd ngh\u0129 s\u1ebd kh\u00f4ng tr\u1edf v\u1ec1 Vi\u1ec7t Nam. Ch\u1ee7 nh\u00e2n gi\u1ea3i th\u01b0\u1edfng L&#8217;Or\u00e9al &#8211; UNESCO V\u00ec s\u1ef1 ph\u00e1t tri\u1ec3n ph\u1ee5 n\u1eef trong khoa h\u1ecdc n\u0103m 2023 t\u00e2m [&hellip;]<\/p>","protected":false},"author":1,"featured_media":0,"parent":0,"menu_order":0,"comment_status":"closed","ping_status":"closed","template":"elementor_header_footer","meta":{"footnotes":""},"class_list":["post-8880","page","type-page","status-publish","hentry"],"_links":{"self":[{"href":"https:\/\/vnu350.vnuhcm.edu.vn\/en\/wp-json\/wp\/v2\/pages\/8880","targetHints":{"allow":["GET"]}}],"collection":[{"href":"https:\/\/vnu350.vnuhcm.edu.vn\/en\/wp-json\/wp\/v2\/pages"}],"about":[{"href":"https:\/\/vnu350.vnuhcm.edu.vn\/en\/wp-json\/wp\/v2\/types\/page"}],"author":[{"embeddable":true,"href":"https:\/\/vnu350.vnuhcm.edu.vn\/en\/wp-json\/wp\/v2\/users\/1"}],"replies":[{"embeddable":true,"href":"https:\/\/vnu350.vnuhcm.edu.vn\/en\/wp-json\/wp\/v2\/comments?post=8880"}],"version-history":[{"count":7,"href":"https:\/\/vnu350.vnuhcm.edu.vn\/en\/wp-json\/wp\/v2\/pages\/8880\/revisions"}],"predecessor-version":[{"id":9055,"href":"https:\/\/vnu350.vnuhcm.edu.vn\/en\/wp-json\/wp\/v2\/pages\/8880\/revisions\/9055"}],"wp:attachment":[{"href":"https:\/\/vnu350.vnuhcm.edu.vn\/en\/wp-json\/wp\/v2\/media?parent=8880"}],"curies":[{"name":"wp","href":"https:\/\/api.w.org\/{rel}","templated":true}]}}