{"id":8925,"date":"2025-02-06T07:52:05","date_gmt":"2025-02-06T07:52:05","guid":{"rendered":"https:\/\/vnu350.vnuhcm.edu.vn\/?page_id=8925"},"modified":"2026-04-17T02:16:11","modified_gmt":"2026-04-17T02:16:11","slug":"doi-tuong-tieu-chi-bo-nhiem","status":"publish","type":"page","link":"https:\/\/vnu350.vnuhcm.edu.vn\/en\/doi-tuong-tieu-chi-bo-nhiem\/","title":{"rendered":"Eligibility, Appointment Criteria"},"content":{"rendered":"<div data-elementor-type=\"wp-page\" data-elementor-id=\"8925\" class=\"elementor elementor-8925\" data-elementor-post-type=\"page\">\n\t\t\t\t<div class=\"elementor-element elementor-element-cc0cc93 e-flex e-con-boxed e-con e-parent\" data-id=\"cc0cc93\" data-element_type=\"container\">\n\t\t\t\t\t<div class=\"e-con-inner\">\n\t\t\t\t<div class=\"elementor-element elementor-element-7498af3 elementor-widget elementor-widget-text-editor\" data-id=\"7498af3\" data-element_type=\"widget\" data-widget_type=\"text-editor.default\">\n\t\t\t\t<div class=\"elementor-widget-container\">\n\t\t\t<style>\/*! elementor - v3.21.0 - 08-05-2024 *\/\n.elementor-widget-text-editor.elementor-drop-cap-view-stacked .elementor-drop-cap{background-color:#69727d;color:#fff}.elementor-widget-text-editor.elementor-drop-cap-view-framed .elementor-drop-cap{color:#69727d;border:3px solid;background-color:transparent}.elementor-widget-text-editor:not(.elementor-drop-cap-view-default) .elementor-drop-cap{margin-top:8px}.elementor-widget-text-editor:not(.elementor-drop-cap-view-default) .elementor-drop-cap-letter{width:1em;height:1em}.elementor-widget-text-editor .elementor-drop-cap{float:left;text-align:center;line-height:1;font-size:50px}.elementor-widget-text-editor .elementor-drop-cap-letter{display:inline-block}<\/style>\t\t\t\t<p><strong>1. Eligibility<\/strong><\/p>\n<p>Professors, associate professors, experts, scientists, and managers with outstanding achievements currently working at universities, research institutes, international organizations, or foreign technology corporations, embracing aspirations and commitments to contribute to education, science, technology, and innovation at VNUHCM and in Vietnam.<\/p>\n<p><strong>2. Appointment Criteria<\/strong><\/p>\n<p>a. General requirements<\/p>\n<ul>\n<li>Demonstrated excellence in lecturing, research, and technology transfer, as evidenced by international publications, patents, technological products, etc<\/li>\n<li>Willing to participate in lecturing activities, including in-person and online sessions, co-supervise Ph.D. candidates, organize scientific workshops, support the development of international collaboration proposals, and assist in establishing strong research groups.<\/li>\n<li>\u01afu ti\u00ean cho c\u00e1c L\u0129nh v\u1ef1c: Chip &#8211; B\u00e1n d\u1eabn, Tr\u00ed tu\u1ec7 nh\u00e2n t\u1ea1o, Chuy\u1ec3n \u0111\u1ed5i s\u1ed1C\u00f4ng ngh\u1ec7 sinh h\u1ecdc, Y sinh h\u1ecdc, C\u00f4ng ngh\u1ec7 v\u1eadt li\u1ec7u, N\u0103ng l\u01b0\u1ee3ng m\u1edbi, Logistics m\u1edbi, T\u00e0i ch\u00ednh qu\u1ed1c t\u1ebf, Bi\u1ebfn \u0111\u1ed5i kh\u00ed h\u1eadu v\u00e0 Ph\u00e1t tri\u1ec3n b\u1ec1n v\u1eefng, L\u1ecbch s\u1eed, V\u0103n h\u00f3a Vi\u1ec7t Nam,\u2026 (g\u1ecdi chung l\u00e0 L\u0129nh v\u1ef1c \u01b0u ti\u00ean).<\/li>\n<\/ul>\n<p>b. Specific requirements<\/p>\n<ul>\n<li><em>For candidates from universities and research institutes: <\/em>Having at least 10 years of experience in lecturing or research if holding (only) a Ph.D. degree; or current Professor\/Associate Professor status at a recognized university\/research institution.<\/li>\n<li><em>For candidates from international corporations and organizations:<\/em> Having a minimum of 10 years of practical experience at reputable companies, corporations, or organizations in the relevant field; having held key positions such as technical expert, manager, or head of research and development (R&amp;D); and possessing experience in leading or participating in large-scale projects, especially those involving innovation or technology application.<\/li>\n<\/ul>\n<p>c) Exceptions<\/p>\n<p>In the case of individuals with exceptionally outstanding achievements who wish to work, contribute, and are endorsed by a reputable scientist from within or outside VNUHCM, the selection committee will propose that the Chancellor of VNUHCM consider and decide on an invitation and appointment regardless of age limit and without requiring the standard appointment process.<\/p>\t\t\t\t\t\t<\/div>\n\t\t\t\t<\/div>\n\t\t\t\t\t<\/div>\n\t\t\t\t<\/div>\n\t\t\t\t<\/div>","protected":false},"excerpt":{"rendered":"<p>1. \u0110\u1ed1i t\u01b0\u1ee3ng b\u1ed5 nhi\u1ec7m C\u00e1c Gi\u00e1o s\u01b0, Ph\u00f3 Gi\u00e1o s\u01b0, chuy\u00ean gia, nh\u00e0 khoa h\u1ecdc, nh\u00e0 qu\u1ea3n l\u00fd c\u00f3 th\u00e0nh t\u00edch n\u1ed5i b\u1eadt; \u0111ang c\u00f4ng t\u00e1c t\u1ea1i c\u00e1c tr\u01b0\u1eddng \u0111\u1ea1i h\u1ecdc, vi\u1ec7n nghi\u00ean c\u1ee9u, c\u00e1c t\u1ed5 ch\u1ee9c qu\u1ed1c t\u1ebf, c\u00e1c t\u1eadp \u0111o\u00e0n c\u00f4ng ngh\u1ec7 \u1edf n\u01b0\u1edbc ngo\u00e0i; c\u00f3 ho\u00e0i b\u00e3o, kh\u00e1t v\u1ecdng v\u00e0 mong [&hellip;]<\/p>","protected":false},"author":1,"featured_media":0,"parent":0,"menu_order":0,"comment_status":"closed","ping_status":"closed","template":"elementor_header_footer","meta":{"footnotes":""},"class_list":["post-8925","page","type-page","status-publish","hentry"],"_links":{"self":[{"href":"https:\/\/vnu350.vnuhcm.edu.vn\/en\/wp-json\/wp\/v2\/pages\/8925","targetHints":{"allow":["GET"]}}],"collection":[{"href":"https:\/\/vnu350.vnuhcm.edu.vn\/en\/wp-json\/wp\/v2\/pages"}],"about":[{"href":"https:\/\/vnu350.vnuhcm.edu.vn\/en\/wp-json\/wp\/v2\/types\/page"}],"author":[{"embeddable":true,"href":"https:\/\/vnu350.vnuhcm.edu.vn\/en\/wp-json\/wp\/v2\/users\/1"}],"replies":[{"embeddable":true,"href":"https:\/\/vnu350.vnuhcm.edu.vn\/en\/wp-json\/wp\/v2\/comments?post=8925"}],"version-history":[{"count":25,"href":"https:\/\/vnu350.vnuhcm.edu.vn\/en\/wp-json\/wp\/v2\/pages\/8925\/revisions"}],"predecessor-version":[{"id":9787,"href":"https:\/\/vnu350.vnuhcm.edu.vn\/en\/wp-json\/wp\/v2\/pages\/8925\/revisions\/9787"}],"wp:attachment":[{"href":"https:\/\/vnu350.vnuhcm.edu.vn\/en\/wp-json\/wp\/v2\/media?parent=8925"}],"curies":[{"name":"wp","href":"https:\/\/api.w.org\/{rel}","templated":true}]}}