{"id":8935,"date":"2025-02-06T08:00:38","date_gmt":"2025-02-06T08:00:38","guid":{"rendered":"https:\/\/vnu350.vnuhcm.edu.vn\/?page_id=8935"},"modified":"2025-03-07T00:59:06","modified_gmt":"2025-03-07T00:59:06","slug":"dong-gop-ky-vong","status":"publish","type":"page","link":"https:\/\/vnu350.vnuhcm.edu.vn\/en\/dong-gop-ky-vong\/","title":{"rendered":"Expected contributions"},"content":{"rendered":"<div data-elementor-type=\"wp-page\" data-elementor-id=\"8935\" class=\"elementor elementor-8935\" data-elementor-post-type=\"page\">\n\t\t\t\t\t\t<section class=\"elementor-section elementor-top-section elementor-element elementor-element-11d50caf elementor-section-stretched elementor-section-content-middle elementor-section-boxed elementor-section-height-default elementor-section-height-default\" data-id=\"11d50caf\" data-element_type=\"section\" data-settings=\"{&quot;stretch_section&quot;:&quot;section-stretched&quot;,&quot;background_background&quot;:&quot;gradient&quot;}\">\n\t\t\t\t\t\t<div class=\"elementor-container elementor-column-gap-extended\">\n\t\t\t\t\t<div class=\"elementor-column elementor-col-100 elementor-top-column elementor-element elementor-element-64f2acc5\" data-id=\"64f2acc5\" data-element_type=\"column\">\n\t\t\t<div class=\"elementor-widget-wrap elementor-element-populated\">\n\t\t\t\t\t\t<div class=\"elementor-element elementor-element-67b6fb1d elementor-widget elementor-widget-heading\" data-id=\"67b6fb1d\" data-element_type=\"widget\" data-widget_type=\"heading.default\">\n\t\t\t\t<div class=\"elementor-widget-container\">\n\t\t\t<style>\/*! elementor - v3.21.0 - 08-05-2024 *\/\n.elementor-heading-title{padding:0;margin:0;line-height:1}.elementor-widget-heading .elementor-heading-title[class*=elementor-size-]>a{color:inherit;font-size:inherit;line-height:inherit}.elementor-widget-heading .elementor-heading-title.elementor-size-small{font-size:15px}.elementor-widget-heading .elementor-heading-title.elementor-size-medium{font-size:19px}.elementor-widget-heading .elementor-heading-title.elementor-size-large{font-size:29px}.elementor-widget-heading .elementor-heading-title.elementor-size-xl{font-size:39px}.elementor-widget-heading .elementor-heading-title.elementor-size-xxl{font-size:59px}<\/style><h2 class=\"elementor-heading-title elementor-size-default\">EXPECTED CONTRIBUTIONS<\/h2>\t\t<\/div>\n\t\t\t\t<\/div>\n\t\t\t\t<div class=\"elementor-element elementor-element-76291dc3 elementor-widget__width-initial elementor-widget elementor-widget-text-editor\" data-id=\"76291dc3\" data-element_type=\"widget\" data-widget_type=\"text-editor.default\">\n\t\t\t\t<div class=\"elementor-widget-container\">\n\t\t\t<style>\/*! elementor - v3.21.0 - 08-05-2024 *\/\n.elementor-widget-text-editor.elementor-drop-cap-view-stacked .elementor-drop-cap{background-color:#69727d;color:#fff}.elementor-widget-text-editor.elementor-drop-cap-view-framed .elementor-drop-cap{color:#69727d;border:3px solid;background-color:transparent}.elementor-widget-text-editor:not(.elementor-drop-cap-view-default) .elementor-drop-cap{margin-top:8px}.elementor-widget-text-editor:not(.elementor-drop-cap-view-default) .elementor-drop-cap-letter{width:1em;height:1em}.elementor-widget-text-editor .elementor-drop-cap{float:left;text-align:center;line-height:1;font-size:50px}.elementor-widget-text-editor .elementor-drop-cap-letter{display:inline-block}<\/style>\t\t\t\t<p><strong>1. Lecturing contributions<\/strong><br \/>- Contribute to the development and enhancement of gifted training programs at undergraduate and postgraduate levels, focusing on Priority Fields.<br \/>- Conduct training sessions on modern teaching methodologies that integrate technology and real-world applications to enhance student learning.<br \/>- Deliver direct\/online lectures and specialized courses, including workshops and seminars, to share expertise, update lastest technology orientations to the students. <br \/>- Co-supervise and directly mentor Ph.D. candidates, postgraduate students, and gifted undergraduates at VNUHCM.<\/p><p>- Guiding and collaborating with VNU-HCM scientists in submitting project proposals to international scientific research funds.<\/p><p><strong>2. Scientific research and innovation contributions<\/strong><br \/>- Propose, build, and co-chair research programs, interdisciplinary research projects addressing critical challenges in Viet Nam and the region, focusing on priority fields.<br \/>- Collaborate with faculty and researchers to publish scientific papers in leading international journals and conferences.<br \/>- Develop research projects with pratical apllications, addressing local and industry needs. Assist in international patent registration.<br \/>- Propose models and participate in the establishment of innovation centers, technology incubators, and startup programs.<br \/>- Design startup training programs and mentor students, graduate students, and faculty in launching high-impact startup initiatives.<\/p><p><strong>3. Domestic and international collaboration, community engagement<\/strong><br \/>- Support building partnerships with international universities, research institutions, and technology corporations to foster multi-party collaborations. <br \/>- Facilitate international agreements, academic exchanges, and faculty\/student mobility programs. <br \/>- Organize international conferences; invite leading global researchers to engage.<br \/>- Contribute to interdisciplinary research addressing sustainable development challenges, particularly in the Mekong Delta region.<br \/>- Consult, build, and criticize policies on education, science-technology, and socio-economic development.<br \/>- Engage in extracurricular activities, inspiring students on research orientation and international career development.<\/p>\t\t\t\t\t\t<\/div>\n\t\t\t\t<\/div>\n\t\t\t\t\t<\/div>\n\t\t<\/div>\n\t\t\t\t\t<\/div>\n\t\t<\/section>\n\t\t\t\t<\/div>","protected":false},"excerpt":{"rendered":"<p>\u0110\u00d3NG G\u00d3P K\u1ef2 V\u1eccNG 1. V\u1ec1 gi\u1ea3ng d\u1ea1y&#8211; Tham gia \u0111\u00f3ng g\u00f3p, x\u00e2y d\u1ef1ng, c\u1ea3i ti\u1ebfn ch\u01b0\u01a1ng tr\u00ecnh \u0111\u00e0o t\u1ea1o t\u00e0i n\u0103ng \u1edf b\u1eadc \u0111\u1ea1i h\u1ecdc v\u00e0 sau \u0111\u1ea1i h\u1ecdc, t\u1eadp trung v\u00e0o c\u00e1c L\u0129nh v\u1ef1c \u01b0u ti\u00ean.&#8211; Tham gia t\u1eadp hu\u1ea5n c\u00e1c ph\u01b0\u01a1ng ph\u00e1p gi\u1ea3ng d\u1ea1y hi\u1ec7n \u0111\u1ea1i, k\u1ebft h\u1ee3p c\u00f4ng ngh\u1ec7 v\u00e0 th\u1ef1c [&hellip;]<\/p>","protected":false},"author":1,"featured_media":8034,"parent":0,"menu_order":0,"comment_status":"closed","ping_status":"closed","template":"elementor_header_footer","meta":{"footnotes":""},"class_list":["post-8935","page","type-page","status-publish","has-post-thumbnail","hentry"],"_links":{"self":[{"href":"https:\/\/vnu350.vnuhcm.edu.vn\/en\/wp-json\/wp\/v2\/pages\/8935","targetHints":{"allow":["GET"]}}],"collection":[{"href":"https:\/\/vnu350.vnuhcm.edu.vn\/en\/wp-json\/wp\/v2\/pages"}],"about":[{"href":"https:\/\/vnu350.vnuhcm.edu.vn\/en\/wp-json\/wp\/v2\/types\/page"}],"author":[{"embeddable":true,"href":"https:\/\/vnu350.vnuhcm.edu.vn\/en\/wp-json\/wp\/v2\/users\/1"}],"replies":[{"embeddable":true,"href":"https:\/\/vnu350.vnuhcm.edu.vn\/en\/wp-json\/wp\/v2\/comments?post=8935"}],"version-history":[{"count":14,"href":"https:\/\/vnu350.vnuhcm.edu.vn\/en\/wp-json\/wp\/v2\/pages\/8935\/revisions"}],"predecessor-version":[{"id":9394,"href":"https:\/\/vnu350.vnuhcm.edu.vn\/en\/wp-json\/wp\/v2\/pages\/8935\/revisions\/9394"}],"wp:featuredmedia":[{"embeddable":true,"href":"https:\/\/vnu350.vnuhcm.edu.vn\/en\/wp-json\/wp\/v2\/media\/8034"}],"wp:attachment":[{"href":"https:\/\/vnu350.vnuhcm.edu.vn\/en\/wp-json\/wp\/v2\/media?parent=8935"}],"curies":[{"name":"wp","href":"https:\/\/api.w.org\/{rel}","templated":true}]}}