{"id":8942,"date":"2025-02-06T08:04:00","date_gmt":"2025-02-06T08:04:00","guid":{"rendered":"https:\/\/vnu350.vnuhcm.edu.vn\/?page_id=8942"},"modified":"2026-04-17T02:31:15","modified_gmt":"2026-04-17T02:31:15","slug":"ho-so-quy-trinh-bo-nhiem","status":"publish","type":"page","link":"https:\/\/vnu350.vnuhcm.edu.vn\/en\/ho-so-quy-trinh-bo-nhiem\/","title":{"rendered":"Application requirements"},"content":{"rendered":"<div data-elementor-type=\"wp-page\" data-elementor-id=\"8942\" class=\"elementor elementor-8942\" data-elementor-post-type=\"page\">\n\t\t\t\t\t\t<section class=\"elementor-section elementor-top-section elementor-element elementor-element-11d50caf elementor-section-stretched elementor-section-content-middle elementor-section-boxed elementor-section-height-default elementor-section-height-default\" data-id=\"11d50caf\" data-element_type=\"section\" data-settings=\"{&quot;stretch_section&quot;:&quot;section-stretched&quot;,&quot;background_background&quot;:&quot;gradient&quot;}\">\n\t\t\t\t\t\t<div class=\"elementor-container elementor-column-gap-extended\">\n\t\t\t\t\t<div class=\"elementor-column elementor-col-100 elementor-top-column elementor-element elementor-element-64f2acc5\" data-id=\"64f2acc5\" data-element_type=\"column\">\n\t\t\t<div class=\"elementor-widget-wrap elementor-element-populated\">\n\t\t\t\t\t\t<div class=\"elementor-element elementor-element-67b6fb1d elementor-widget elementor-widget-heading\" data-id=\"67b6fb1d\" data-element_type=\"widget\" data-widget_type=\"heading.default\">\n\t\t\t\t<div class=\"elementor-widget-container\">\n\t\t\t<style>\/*! elementor - v3.21.0 - 08-05-2024 *\/\n.elementor-heading-title{padding:0;margin:0;line-height:1}.elementor-widget-heading .elementor-heading-title[class*=elementor-size-]>a{color:inherit;font-size:inherit;line-height:inherit}.elementor-widget-heading .elementor-heading-title.elementor-size-small{font-size:15px}.elementor-widget-heading .elementor-heading-title.elementor-size-medium{font-size:19px}.elementor-widget-heading .elementor-heading-title.elementor-size-large{font-size:29px}.elementor-widget-heading .elementor-heading-title.elementor-size-xl{font-size:39px}.elementor-widget-heading .elementor-heading-title.elementor-size-xxl{font-size:59px}<\/style><h2 class=\"elementor-heading-title elementor-size-default\">APPLICATION, APPOINTMENT PROCESS<\/h2>\t\t<\/div>\n\t\t\t\t<\/div>\n\t\t\t\t<div class=\"elementor-element elementor-element-76291dc3 elementor-widget__width-initial elementor-widget elementor-widget-text-editor\" data-id=\"76291dc3\" data-element_type=\"widget\" data-widget_type=\"text-editor.default\">\n\t\t\t\t<div class=\"elementor-widget-container\">\n\t\t\t<style>\/*! elementor - v3.21.0 - 08-05-2024 *\/\n.elementor-widget-text-editor.elementor-drop-cap-view-stacked .elementor-drop-cap{background-color:#69727d;color:#fff}.elementor-widget-text-editor.elementor-drop-cap-view-framed .elementor-drop-cap{color:#69727d;border:3px solid;background-color:transparent}.elementor-widget-text-editor:not(.elementor-drop-cap-view-default) .elementor-drop-cap{margin-top:8px}.elementor-widget-text-editor:not(.elementor-drop-cap-view-default) .elementor-drop-cap-letter{width:1em;height:1em}.elementor-widget-text-editor .elementor-drop-cap{float:left;text-align:center;line-height:1;font-size:50px}.elementor-widget-text-editor .elementor-drop-cap-letter{display:inline-block}<\/style>\t\t\t\t<p><strong>1. Application requirements<\/strong><br>Interested individuals must submit the following documents:<br>a) Letter of interest.<br>b) Academic CV.<\/p>\n<p>c) Work Plan with the Host Institution during the Visiting Appointment<br>d) Evidence of Academic Qualifications and Related Achievements<\/p>\n<p>\u0111) Recommendation Letters (if available)<\/p>\n<p>e) Email Confirmation of Approval from the Employer or Competent Authority at the Current Institution<\/p>\n<p>g) Personal Undertaking on Remuneration, Tax Compliance, Academic Integrity, and Intellectual Property Rights<\/p>\n<p><strong>2. Application Submission Methods<\/strong><\/p>\n<p>Candidates are required to prepare their application dossiers and submit them to VNUHCM through one of the following two submission methods:<\/p>\n<p>a) Direct submission via the website: vnu350.vnuhcm.edu.vn<\/p>\n<p>b) Submission via email to: vnu350@vnuhcm.edu.vn<\/p>\n<p>c) Where the field of interest is not included in the list of Adjunct Professor recruitment requirements of the respective units, applicants may submit their application dossiers directly to the following email address: vnu350@vnuhcm.edu.vn<\/p>\n<p><strong>3. Appointment process<\/strong><br>a) The Adjunct Professor Advisory Council shall evaluate the applications based on academic qualifications, scientific achievements, and the proposed collaboration plan between the applicant and the host institution<br>b) The President of VNUHCM shall approve and publish the appointment decisions for Adjunct Professors who meet all required criteria. The appointment term ranges from one (01) to two (02) years and may be renewed upon expiration<br>VNUHCM receives application dossiers on a continuous basis throughout the year and organizes evaluation and selection in periodic rounds. The results are published regularly on the official website&nbsp;<span style=\"background-color: transparent;\">vnu350.vnuhcm.edu.vn<\/span><span style=\"background-color: transparent;\">.<\/span><\/p>\t\t\t\t\t\t<\/div>\n\t\t\t\t<\/div>\n\t\t\t\t\t<\/div>\n\t\t<\/div>\n\t\t\t\t\t<\/div>\n\t\t<\/section>\n\t\t\t\t<\/div>","protected":false},"excerpt":{"rendered":"<p>H\u1ed3 s\u01a1, Quy tr\u00ecnh b\u1ed5 nhi\u1ec7m 1. H\u1ed3 s\u01a1 tham gia ch\u01b0\u01a1ng tr\u00ecnhC\u00e1c c\u00e1 nh\u00e2n c\u00f3 nguy\u1ec7n v\u1ecdng tham gia ch\u01b0\u01a1ng tr\u00ecnh c\u1ea7n chu\u1ea9n b\u1ecb h\u1ed3 s\u01a1 g\u1ed3m:a) Th\u01b0 b\u00e0y t\u1ecf nguy\u1ec7n v\u1ecdng.b) L\u00fd l\u1ecbch khoa h\u1ecdc. c) K\u1ebf ho\u1ea1ch l\u00e0m vi\u1ec7c v\u1edbi \u0111\u01a1n v\u1ecb trong nhi\u1ec7m k\u1ef3 th\u1ec9nh gi\u1ea3ng.d) Minh ch\u1ee9ng v\u1ec1 v\u0103n b\u1eb1ng, [&hellip;]<\/p>","protected":false},"author":1,"featured_media":8034,"parent":0,"menu_order":0,"comment_status":"closed","ping_status":"closed","template":"elementor_header_footer","meta":{"footnotes":""},"class_list":["post-8942","page","type-page","status-publish","has-post-thumbnail","hentry"],"_links":{"self":[{"href":"https:\/\/vnu350.vnuhcm.edu.vn\/en\/wp-json\/wp\/v2\/pages\/8942","targetHints":{"allow":["GET"]}}],"collection":[{"href":"https:\/\/vnu350.vnuhcm.edu.vn\/en\/wp-json\/wp\/v2\/pages"}],"about":[{"href":"https:\/\/vnu350.vnuhcm.edu.vn\/en\/wp-json\/wp\/v2\/types\/page"}],"author":[{"embeddable":true,"href":"https:\/\/vnu350.vnuhcm.edu.vn\/en\/wp-json\/wp\/v2\/users\/1"}],"replies":[{"embeddable":true,"href":"https:\/\/vnu350.vnuhcm.edu.vn\/en\/wp-json\/wp\/v2\/comments?post=8942"}],"version-history":[{"count":19,"href":"https:\/\/vnu350.vnuhcm.edu.vn\/en\/wp-json\/wp\/v2\/pages\/8942\/revisions"}],"predecessor-version":[{"id":9795,"href":"https:\/\/vnu350.vnuhcm.edu.vn\/en\/wp-json\/wp\/v2\/pages\/8942\/revisions\/9795"}],"wp:featuredmedia":[{"embeddable":true,"href":"https:\/\/vnu350.vnuhcm.edu.vn\/en\/wp-json\/wp\/v2\/media\/8034"}],"wp:attachment":[{"href":"https:\/\/vnu350.vnuhcm.edu.vn\/en\/wp-json\/wp\/v2\/media?parent=8942"}],"curies":[{"name":"wp","href":"https:\/\/api.w.org\/{rel}","templated":true}]}}