{"id":8981,"date":"2025-02-06T12:48:46","date_gmt":"2025-02-06T12:48:46","guid":{"rendered":"https:\/\/vnu350.vnuhcm.edu.vn\/?page_id=8981"},"modified":"2026-04-17T02:07:29","modified_gmt":"2026-04-17T02:07:29","slug":"trang-chu","status":"publish","type":"page","link":"https:\/\/vnu350.vnuhcm.edu.vn\/en\/","title":{"rendered":"Trang ch\u1ee7"},"content":{"rendered":"<div data-elementor-type=\"wp-page\" data-elementor-id=\"8981\" class=\"elementor elementor-8981\" data-elementor-post-type=\"page\">\n\t\t\t\t<div class=\"elementor-element elementor-element-c4a40f0 e-flex e-con-boxed e-con e-parent\" data-id=\"c4a40f0\" data-element_type=\"container\">\n\t\t\t\t\t<div class=\"e-con-inner\">\n\t\t\t\t<div class=\"elementor-element elementor-element-529c806 elementor-arrows-position-inside elementor-pagination-position-outside elementor-widget elementor-widget-image-carousel\" data-id=\"529c806\" data-element_type=\"widget\" data-settings=\"{&quot;slides_to_show&quot;:&quot;1&quot;,&quot;lazyload&quot;:&quot;yes&quot;,&quot;navigation&quot;:&quot;both&quot;,&quot;autoplay&quot;:&quot;yes&quot;,&quot;pause_on_hover&quot;:&quot;yes&quot;,&quot;pause_on_interaction&quot;:&quot;yes&quot;,&quot;autoplay_speed&quot;:5000,&quot;infinite&quot;:&quot;yes&quot;,&quot;effect&quot;:&quot;slide&quot;,&quot;speed&quot;:500}\" data-widget_type=\"image-carousel.default\">\n\t\t\t\t<div class=\"elementor-widget-container\">\n\t\t\t<style>\/*! elementor - v3.21.0 - 08-05-2024 *\/\n.elementor-widget-image-carousel .swiper,.elementor-widget-image-carousel .swiper-container{position:static}.elementor-widget-image-carousel .swiper-container .swiper-slide figure,.elementor-widget-image-carousel .swiper .swiper-slide figure{line-height:inherit}.elementor-widget-image-carousel .swiper-slide{text-align:center}.elementor-image-carousel-wrapper:not(.swiper-container-initialized):not(.swiper-initialized) .swiper-slide{max-width:calc(100% \/ var(--e-image-carousel-slides-to-show, 3))}<\/style>\t\t<div class=\"elementor-image-carousel-wrapper swiper\" dir=\"ltr\">\n\t\t\t<div class=\"elementor-image-carousel swiper-wrapper\" aria-live=\"off\">\n\t\t\t\t\t\t\t\t<div class=\"swiper-slide\" role=\"group\" aria-roledescription=\"slide\" aria-label=\"1 of 8\"><figure class=\"swiper-slide-inner\"><img class=\"swiper-slide-image swiper-lazy\" data-src=\"https:\/\/vnu350.vnuhcm.edu.vn\/wp-content\/uploads\/elementor\/thumbs\/page-7-scaled-qj9nk8vwr5t74mgj16p7hripb5s961v42rso4hi3jk.jpg\" alt=\"page 7\" \/><div class=\"swiper-lazy-preloader\"><\/div><\/figure><\/div><div class=\"swiper-slide\" role=\"group\" aria-roledescription=\"slide\" aria-label=\"2 of 8\"><figure class=\"swiper-slide-inner\"><img class=\"swiper-slide-image swiper-lazy\" data-src=\"https:\/\/vnu350.vnuhcm.edu.vn\/wp-content\/uploads\/elementor\/thumbs\/page-4-scaled-qj9nkdl3pbzmqo9p9qqcc8c0a3538jdrrf23ivb4og.jpg\" alt=\"page 4\" \/><div class=\"swiper-lazy-preloader\"><\/div><\/figure><\/div><div class=\"swiper-slide\" role=\"group\" aria-roledescription=\"slide\" aria-label=\"3 of 8\"><figure class=\"swiper-slide-inner\"><img class=\"swiper-slide-image swiper-lazy\" data-src=\"https:\/\/vnu350.vnuhcm.edu.vn\/wp-content\/uploads\/elementor\/thumbs\/He\u0323\u0302-tho\u0302\u0301ng-ho\u0302\u0300-nu\u031bo\u031b\u0301c-ca\u0302y-xanh-va\u0300-nhu\u031b\u0303ng-con-du\u031bo\u031b\u0300ng-ta\u0323o-ne\u0302n-kho\u0302ng-gian-da\u0323\u0306c-tru\u031bng-cu\u0309a-Khu-do\u0302-thi\u0323-DHQG-HCM-scaled-qj9nkgem9u3hpi5lt9y81pme28r6vmoyrt0jyp6y5s.jpg\" alt=\"He\u0323\u0302 tho\u0302\u0301ng ho\u0302\u0300 nu\u031bo\u031b\u0301c, ca\u0302y xanh va\u0300 nhu\u031b\u0303ng con \u0111u\u031bo\u031b\u0300ng ta\u0323o ne\u0302n kho\u0302ng gian \u0111a\u0323\u0306c tru\u031bng cu\u0309a Khu \u0111o\u0302 thi\u0323 \u0110HQG-HCM\" \/><div class=\"swiper-lazy-preloader\"><\/div><\/figure><\/div><div class=\"swiper-slide\" role=\"group\" aria-roledescription=\"slide\" aria-label=\"4 of 8\"><figure class=\"swiper-slide-inner\"><img class=\"swiper-slide-image swiper-lazy\" data-src=\"https:\/\/vnu350.vnuhcm.edu.vn\/wp-content\/uploads\/elementor\/thumbs\/page-6.2-scaled-qjcvecxb1wdotr4zi8n3xy8onttz4px52wssqgfots.jpg\" alt=\"page 6.2\" \/><div class=\"swiper-lazy-preloader\"><\/div><\/figure><\/div><div class=\"swiper-slide\" role=\"group\" aria-roledescription=\"slide\" aria-label=\"5 of 8\"><figure class=\"swiper-slide-inner\"><img class=\"swiper-slide-image swiper-lazy\" data-src=\"https:\/\/vnu350.vnuhcm.edu.vn\/wp-content\/uploads\/elementor\/thumbs\/TO\u0323A-DA\u0300M_-XA\u0302Y-DU\u031b\u0323NG-CHU\u031bO\u031bNG-TRI\u0300NH-DA\u0323O-TA\u0323O-NGHIE\u0302N-CU\u031b\u0301U-TIE\u0302N-TIE\u0302\u0301N-NGA\u0300NH-THIE\u0302\u0301T-KE\u0302\u0301-VI-MA\u0323CH-TA\u0323I-DHQG-HCM-scaled-qjcvmk2mnvlq3b89ms7yovrf6tf89oguvhn9fca2k0.jpeg\" alt=\"TO\u0323A \u0110A\u0300M_ XA\u0302Y DU\u031b\u0323NG CHU\u031bO\u031bNG TRI\u0300NH \u0110A\u0323O TA\u0323O, NGHIE\u0302N CU\u031b\u0301U TIE\u0302N TIE\u0302\u0301N NGA\u0300NH THIE\u0302\u0301T KE\u0302\u0301 VI MA\u0323CH TA\u0323I \u0110HQG-HCM\" \/><div class=\"swiper-lazy-preloader\"><\/div><\/figure><\/div><div class=\"swiper-slide\" role=\"group\" aria-roledescription=\"slide\" aria-label=\"6 of 8\"><figure class=\"swiper-slide-inner\"><img class=\"swiper-slide-image swiper-lazy\" data-src=\"https:\/\/vnu350.vnuhcm.edu.vn\/wp-content\/uploads\/elementor\/thumbs\/a6-scaled-r1anv9m5ksv3pvyo2s4cqbh8y8wss46vblcvgjvlv4.jpg\" alt=\"a6\" \/><div class=\"swiper-lazy-preloader\"><\/div><\/figure><\/div><div class=\"swiper-slide\" role=\"group\" aria-roledescription=\"slide\" aria-label=\"7 of 8\"><figure class=\"swiper-slide-inner\"><img class=\"swiper-slide-image swiper-lazy\" data-src=\"https:\/\/vnu350.vnuhcm.edu.vn\/wp-content\/uploads\/elementor\/thumbs\/a7-scaled-r1anvlu21nbtwtgx3fei4qe8o98kk6jdp9u6p5dhm8.jpg\" alt=\"a7\" \/><div class=\"swiper-lazy-preloader\"><\/div><\/figure><\/div><div class=\"swiper-slide\" role=\"group\" aria-roledescription=\"slide\" aria-label=\"8 of 8\"><figure class=\"swiper-slide-inner\"><img class=\"swiper-slide-image swiper-lazy\" data-src=\"https:\/\/vnu350.vnuhcm.edu.vn\/wp-content\/uploads\/elementor\/thumbs\/a8-scaled-r1anvzxmw5v4qywft3hwo4u5l1b2rn3cr7mgwasl0w.jpg\" alt=\"a8\" \/><div class=\"swiper-lazy-preloader\"><\/div><\/figure><\/div>\t\t\t<\/div>\n\t\t\t\t\t\t\t\t\t\t\t\t<div class=\"elementor-swiper-button elementor-swiper-button-prev\" role=\"button\" tabindex=\"0\">\n\t\t\t\t\t\t<svg aria-hidden=\"true\" class=\"e-font-icon-svg e-eicon-chevron-left\" viewbox=\"0 0 1000 1000\" xmlns=\"http:\/\/www.w3.org\/2000\/svg\"><path d=\"M646 125C629 125 613 133 604 142L308 442C296 454 292 471 292 487 292 504 296 521 308 533L604 854C617 867 629 875 646 875 663 875 679 871 692 858 704 846 713 829 713 812 713 796 708 779 692 767L438 487 692 225C700 217 708 204 708 187 708 171 704 154 692 142 675 129 663 125 646 125Z\"><\/path><\/svg>\t\t\t\t\t<\/div>\n\t\t\t\t\t<div class=\"elementor-swiper-button elementor-swiper-button-next\" role=\"button\" tabindex=\"0\">\n\t\t\t\t\t\t<svg aria-hidden=\"true\" class=\"e-font-icon-svg e-eicon-chevron-right\" viewbox=\"0 0 1000 1000\" xmlns=\"http:\/\/www.w3.org\/2000\/svg\"><path d=\"M696 533C708 521 713 504 713 487 713 471 708 454 696 446L400 146C388 133 375 125 354 125 338 125 325 129 313 142 300 154 292 171 292 187 292 204 296 221 308 233L563 492 304 771C292 783 288 800 288 817 288 833 296 850 308 863 321 871 338 875 354 875 371 875 388 867 400 854L696 533Z\"><\/path><\/svg>\t\t\t\t\t<\/div>\n\t\t\t\t\n\t\t\t\t\t\t\t\t\t<div class=\"swiper-pagination\"><\/div>\n\t\t\t\t\t\t\t\t\t<\/div>\n\t\t\t\t<\/div>\n\t\t\t\t<\/div>\n\t\t\t\t\t<\/div>\n\t\t\t\t<\/div>\n\t\t\t\t<section class=\"elementor-section elementor-top-section elementor-element elementor-element-11d50caf elementor-section-stretched elementor-section-content-middle elementor-section-boxed elementor-section-height-default elementor-section-height-default\" data-id=\"11d50caf\" data-element_type=\"section\" data-settings=\"{&quot;stretch_section&quot;:&quot;section-stretched&quot;,&quot;background_background&quot;:&quot;gradient&quot;}\">\n\t\t\t\t\t\t<div class=\"elementor-container elementor-column-gap-extended\">\n\t\t\t\t\t<div class=\"elementor-column elementor-col-100 elementor-top-column elementor-element elementor-element-64f2acc5\" data-id=\"64f2acc5\" data-element_type=\"column\">\n\t\t\t<div class=\"elementor-widget-wrap elementor-element-populated\">\n\t\t\t\t\t\t<div class=\"elementor-element elementor-element-76291dc3 elementor-widget__width-initial elementor-widget elementor-widget-text-editor\" data-id=\"76291dc3\" data-element_type=\"widget\" data-widget_type=\"text-editor.default\">\n\t\t\t\t<div class=\"elementor-widget-container\">\n\t\t\t<style>\/*! elementor - v3.21.0 - 08-05-2024 *\/\n.elementor-widget-text-editor.elementor-drop-cap-view-stacked .elementor-drop-cap{background-color:#69727d;color:#fff}.elementor-widget-text-editor.elementor-drop-cap-view-framed .elementor-drop-cap{color:#69727d;border:3px solid;background-color:transparent}.elementor-widget-text-editor:not(.elementor-drop-cap-view-default) .elementor-drop-cap{margin-top:8px}.elementor-widget-text-editor:not(.elementor-drop-cap-view-default) .elementor-drop-cap-letter{width:1em;height:1em}.elementor-widget-text-editor .elementor-drop-cap{float:left;text-align:center;line-height:1;font-size:50px}.elementor-widget-text-editor .elementor-drop-cap-letter{display:inline-block}<\/style>\t\t\t\t<div style=\"text-align: start; text-indent: 0px;\"><span style=\"color: windowtext; background-color: transparent; text-align: justify; text-indent: 1cm;\">\u0110\u1ec3 hi\u1ec7n th\u1ef1c h\u00f3a t\u1ea7m nh\u00ecn tr\u1edf th\u00e0nh h\u1ec7 th\u1ed1ng \u0111\u1ea1i h\u1ecdc nghi\u00ean c\u1ee9u trong t\u1ed1p \u0111\u1ea7u ch\u00e2u \u00c1, n\u01a1i h\u1ed9i t\u1ee5 nh\u00e2n t\u00e0i v\u00e0 lan t\u1ecfa tri th\u1ee9c, v\u0103n h\u00f3a Vi\u1ec7t Nam. \u0110\u1ed3ng th\u1eddi, kh\u1ea9n tr\u01b0\u01a1ng tri\u1ec3n khai Ngh\u1ecb quy\u1ebft s\u1ed1 57-NQ\/TW&nbsp; ng\u00e0y 22\/12\/2024 c\u1ee7a B\u1ed9 Ch\u00ednh tr\u1ecb v\u1ec1 \u0111\u1ed9t ph\u00e1t ph\u00e1t tri\u1ec3n khoa h\u1ecdc, c\u00f4ng ngh\u1ec7, \u0111\u1ed5i m\u1edbi s\u00e1ng t\u1ea1o v\u00e0 chuy\u1ec3n \u0111\u1ed5i s\u1ed1 qu\u1ed1c gia; \u0111\u1ed3ng th\u1eddi<\/span><span style=\"color: windowtext; background-color: transparent; font-family: 'Times New Roman', serif; font-size: 13.5pt; font-weight: normal; text-align: justify; text-indent: 1cm;\">&nbsp;ti\u1ebfp t\u1ee5c tri\u1ec3n khai Ngh\u1ecb quy\u1ebft s\u1ed1&nbsp;<\/span><span lang=\"VI\" style=\"color: windowtext; background-color: transparent; text-align: justify; text-indent: 1cm; font-size: 13.5pt; line-height: 130%; font-family: 'Times New Roman', serif; font-weight: normal;\">19-NQ\/\u0110U ng\u00e0y 04\/8\/2023 c\u1ee7a Ban Ch\u1ea5p h\u00e0ng \u0110\u1ea3ng b\u1ed9 \u0110HQG-HCM v\u1ec1 thu h\u00fat, gi\u1eef ch\u00e2n v\u00e0 ph\u00e1t tri\u1ec3n c\u00e1c nh\u00e0 khoa h\u1ecdc tr\u1ebb xu\u1ea5t s\u1eafc, c\u00e1c nh\u00e0 khoa h\u1ecdc \u0111\u1ea7u ng\u00e0nh, \u0110HQG-HCM th\u00f4ng b\u00e1o m\u1eddi Gi\u00e1o s\u01b0 th\u1ec9nh&nbsp;<\/span><span lang=\"VI\" style=\"color: windowtext; background-color: transparent; text-align: justify; text-indent: 1cm; font-size: 13.5pt; line-height: 130%; font-family: &quot;Times New Roman&quot;, serif; font-weight: normal;\">gi\u1ea3ng t\u1ea1i \u0110HQG-HCM n\u0103m 2026, nh\u1eb1m m\u1eddi c\u00e1c <\/span><span lang=\"VI\" style=\"color: windowtext; background-color: transparent; text-align: justify; text-indent: 1cm; font-size: 13.5pt; line-height: 130%; font-family: &quot;Times New Roman&quot;, serif; font-weight: normal;\">Gi\u00e1o s\u01b0, Ph\u00f3 Gi\u00e1o s\u01b0, chuy\u00ean gia, nh\u00e0 khoa h\u1ecdc, nh\u00e0 qu\u1ea3n l\u00fd<\/span><span lang=\"VI\" style=\"color: windowtext; background-color: transparent; text-align: justify; text-indent: 1cm; font-size: 13.5pt; line-height: 130%; font-family: &quot;Times New Roman&quot;, serif; font-weight: normal;\"> c\u00f9ng gi\u1ea3ng d\u1ea1y<\/span><span lang=\"VI\" style=\"color: windowtext; background-color: transparent; text-align: justify; text-indent: 1cm; font-size: 13.5pt; line-height: 130%; font-family: &quot;Times New Roman&quot;, serif; font-weight: normal;\">, nghi\u00ean c\u1ee9u<\/span><span lang=\"VI\" style=\"color: windowtext; background-color: transparent; text-align: justify; text-indent: 1cm; font-size: 13.5pt; line-height: 130%; font-family: &quot;Times New Roman&quot;, serif; font-weight: normal;\"> v\u00e0 \u0111\u1ed5i m\u1edbi s\u00e1ng t\u1ea1o t\u1ea1i \u0110HQG-HCM (Ch\u01b0\u01a1ng tr\u00ecnh Gi\u00e1o s\u01b0 th\u1ec9nh gi\u1ea3ng).<\/span><\/div>\n<div>\n<p><!-- [if !supportFootnotes]--><\/p>\n<\/div><p><b style=\"background-color: transparent;\">Implementation principles:<\/b><\/p>\n<ul>\n<li>Ensure compliance with the Party's guidelines and policies, the State's legal regulations, the development strategy of VNUHCM, and the actual needs of VNUHCM's member and affiliated units (referred to as units);<\/li>\n<li>Be carried out in a public, transparent, fair, objective, and effective manner;<\/li>\n<li>Involve a commitment to joint implementation among three parties: VNUHCM, the units, and the scientists invited or recruited by VNUHCM.<\/li><\/ul><ul>\n<\/ul>\t\t\t\t\t\t<\/div>\n\t\t\t\t<\/div>\n\t\t\t\t\t<\/div>\n\t\t<\/div>\n\t\t\t\t\t<\/div>\n\t\t<\/section>\n\t\t\t\t<\/div>","protected":false},"excerpt":{"rendered":"<p>\u0110\u1ec3 hi\u1ec7n th\u1ef1c h\u00f3a t\u1ea7m nh\u00ecn tr\u1edf th\u00e0nh h\u1ec7 th\u1ed1ng \u0111\u1ea1i h\u1ecdc nghi\u00ean c\u1ee9u trong t\u1ed1p \u0111\u1ea7u ch\u00e2u \u00c1, n\u01a1i h\u1ed9i t\u1ee5 nh\u00e2n t\u00e0i v\u00e0 lan t\u1ecfa tri th\u1ee9c, v\u0103n h\u00f3a Vi\u1ec7t Nam. \u0110\u1ed3ng th\u1eddi, kh\u1ea9n tr\u01b0\u01a1ng tri\u1ec3n khai Ngh\u1ecb quy\u1ebft s\u1ed1 57-NQ\/TW&nbsp; ng\u00e0y 22\/12\/2024 c\u1ee7a B\u1ed9 Ch\u00ednh tr\u1ecb v\u1ec1 \u0111\u1ed9t ph\u00e1t ph\u00e1t tri\u1ec3n khoa [&hellip;]<\/p>","protected":false},"author":1,"featured_media":8034,"parent":0,"menu_order":0,"comment_status":"closed","ping_status":"closed","template":"elementor_header_footer","meta":{"footnotes":""},"class_list":["post-8981","page","type-page","status-publish","has-post-thumbnail","hentry"],"_links":{"self":[{"href":"https:\/\/vnu350.vnuhcm.edu.vn\/en\/wp-json\/wp\/v2\/pages\/8981","targetHints":{"allow":["GET"]}}],"collection":[{"href":"https:\/\/vnu350.vnuhcm.edu.vn\/en\/wp-json\/wp\/v2\/pages"}],"about":[{"href":"https:\/\/vnu350.vnuhcm.edu.vn\/en\/wp-json\/wp\/v2\/types\/page"}],"author":[{"embeddable":true,"href":"https:\/\/vnu350.vnuhcm.edu.vn\/en\/wp-json\/wp\/v2\/users\/1"}],"replies":[{"embeddable":true,"href":"https:\/\/vnu350.vnuhcm.edu.vn\/en\/wp-json\/wp\/v2\/comments?post=8981"}],"version-history":[{"count":34,"href":"https:\/\/vnu350.vnuhcm.edu.vn\/en\/wp-json\/wp\/v2\/pages\/8981\/revisions"}],"predecessor-version":[{"id":9784,"href":"https:\/\/vnu350.vnuhcm.edu.vn\/en\/wp-json\/wp\/v2\/pages\/8981\/revisions\/9784"}],"wp:featuredmedia":[{"embeddable":true,"href":"https:\/\/vnu350.vnuhcm.edu.vn\/en\/wp-json\/wp\/v2\/media\/8034"}],"wp:attachment":[{"href":"https:\/\/vnu350.vnuhcm.edu.vn\/en\/wp-json\/wp\/v2\/media?parent=8981"}],"curies":[{"name":"wp","href":"https:\/\/api.w.org\/{rel}","templated":true}]}}